{"id":1850,"date":"2019-11-08T15:35:52","date_gmt":"2019-11-08T14:35:52","guid":{"rendered":"https:\/\/pariswelcom.com\/mentions-legales\/"},"modified":"2022-05-23T10:06:05","modified_gmt":"2022-05-23T08:06:05","slug":"legal-notices","status":"publish","type":"page","link":"https:\/\/pariswelcom.com\/en\/legal-notices\/","title":{"rendered":"Legal notices"},"content":{"rendered":"<p style=\"text-align: left;\">A&amp;C Events ne garantit en aucune fa\u00e7on l\u2019exactitude, la pr\u00e9cision, l\u2019exhaustivit\u00e9 ou l\u2019ad\u00e9quation, des informations mises \u00e0 disposition sur son site, y compris l\u2019ensemble des liens hypertextes ou toute autre liaison informatique utilis\u00e9e, que ce soit directement ou indirectement.<\/p>\n<p>Afin de nous permettre de r\u00e9pondre rapidement, nous vous remercions de nous indiquer vos nom, pr\u00e9nom, e-mail, adresse et pr\u00e9ciser l&#8217;adresse \u00e0 laquelle doit vous parvenir la r\u00e9ponse. Nous pourrons proc\u00e9der \u00e0 des v\u00e9rifications d&#8217;identit\u00e9 afin de garantir la confidentialit\u00e9 et la s\u00e9curit\u00e9 de vos donn\u00e9es. Dans certains cas une copie d&#8217;un titre d&#8217;identit\u00e9 portant votre signature pourra vous \u00eatre demand\u00e9e. Une r\u00e9ponse vous sera alors adress\u00e9e dans un d\u00e9lai de deux mois suivant la r\u00e9ception de la demande.<\/p>\n<p>Conform\u00e9ment \u00e0 la r\u00e8glementation sur la protection des donn\u00e9es personnelles, vous pouvez exercer vos droits (acc\u00e8s, rectification, suppression, opposition, limitation et portabilit\u00e9 le cas \u00e9ch\u00e9ant) et d\u00e9finir le sort de vos donn\u00e9es personnelles \u00ab post mortem par email: \u00e0 pariswelcom@gmail.com ou par courrier : A&amp;C Events &#8211; Service consommateur, 34 rue de Tocqueville \u2013 75017 Paris. De fa\u00e7on g\u00e9n\u00e9rale, toute reproduction ou repr\u00e9sentation non autoris\u00e9e de marques, logos, dessins, mod\u00e8les, d\u2019\u0153uvres litt\u00e9raires, audiovisuelles, photographiques et plus g\u00e9n\u00e9ralement de tout \u00e9l\u00e9ment susceptible d\u2019\u00eatre prot\u00e9g\u00e9 par un droit de propri\u00e9t\u00e9 intellectuelle accessibles sur les sites est interdite et constituerait une contrefa\u00e7on au sens des articles L335-2 et suivants du Code de la Propri\u00e9t\u00e9 Intellectuelle, \u00e0 moins que cette reproduction ou repr\u00e9sentation ne soit exclusivement r\u00e9serv\u00e9e \u00e0 un usage strictement personnel et priv\u00e9.\u00a0<\/p>\n<p>Directeur de la Publication : Clarisse<\/p>\n<p><strong>Donn\u00e9es personnelles :<\/strong><\/p>\n<p><strong>Emails de service<\/strong><\/p>\n<p>Suite \u00e0 une r\u00e9servation ou dans le cadre du suivi d&#8217;un contrat vous recevrez un email afin de vous permettre de suivre votre r\u00e9servation ou l&#8217;ex\u00e9cution de votre contrat. Ces messages de service sont n\u00e9cessaires \u00e0 la bonne ex\u00e9cution de votre r\u00e9servation.<\/p>\n<p><strong>La Gestion de vos r\u00e9servations et de la relation client<\/strong><\/p>\n<p>Le site d\u2019A&amp;C Events est prot\u00e9g\u00e9 par le droit d\u2019auteur. L\u2019usage de tout ou partie des sites, notamment par t\u00e9l\u00e9chargement, reproduction, transmission ou repr\u00e9sentation sur tous supports et par tous proc\u00e9d\u00e9s, \u00e0 d\u2019autres fins que pour usage personnel et priv\u00e9 dans un but non commercial est strictement interdit.<\/p>\n<p>Le site Pariswelcom est publi\u00e9 par la Soci\u00e9t\u00e9 A&amp;C Events<\/p>\n<p>Les d\u00e9nominations sociales, marques et signes distinctifs reproduits sur les sites sont \u00e9galement prot\u00e9g\u00e9s au titre du droit des marques. La reproduction ou la repr\u00e9sentation de tout ou partie d\u2019un des signes pr\u00e9cit\u00e9s doit faire l\u2019objet d\u2019une autorisation \u00e9crite pr\u00e9alable des titulaires des marques et signes.<\/p>\n<p>Les donn\u00e9es personnelles collect\u00e9es sur le site sont trait\u00e9es par la Soci\u00e9t\u00e9 A&amp;C Events qui utilise vos donn\u00e9es personnelles notamment \u00e0 des fins suivantes : Nous avons besoin des informations qui vous concernent pour la gestion de vos r\u00e9servations et les suites de celle-ci. Nous collectons notamment vos nom, pr\u00e9nom, adresse, adresse email, num\u00e9ro de passeport, num\u00e9ro de t\u00e9l\u00e9phone. Le caract\u00e8re obligatoire des donn\u00e9es vous est signal\u00e9 lors de la collecte par un ast\u00e9risque. Nous collectons les informations que vous nous fournissez notamment quand vous effectuez une r\u00e9servation ou demande de renseignement sur notre site.\u00a0<\/p>\n<p><b>Paiement \u00e0 l\u2019achat<\/b><\/p>\n<p><b><\/b>Lorsque vous payez une r\u00e9servation, les donn\u00e9es relatives \u00e0 la carte ayant servi au paiement sont conserv\u00e9es le temps n\u00e9cessaire \u00e0 la transaction puis pour une dur\u00e9e de 15 mois \u00e0 compter du paiement afin de garantir la preuve de la transaction. Par courrier \u00e0 l&#8217;adresse : A&amp;C Events &#8211; 34 rue de Tocqueville \u2013 75017 Paris. Il convient de nous indiquer vos nom, pr\u00e9nom, e-mail et adresse et en mentionnant le motif de votre demande, l&#8217;enseigne vis\u00e9e et\/ou le droit que vous souhaitez exercer. Par email \u00e0 pariswelcom@gmail.com Soci\u00e9t\u00e9 par actions simplifi\u00e9e au capital social de 3.000 Euros, num\u00e9ro de TVA FR 03793755265, immatricul\u00e9e au RCS de Paris sous le num\u00e9ro 793755265 et dont le si\u00e8ge social se trouve 34 rue de Tocqueville, 75017 PARIS<\/p>\n<p><b>Vos donn\u00e9es personnelles ainsi collect\u00e9es seront conserv\u00e9es pendant une dur\u00e9e de 5 ans.<\/b>\u00a0<\/p>\n<p>Vous disposez par ailleurs, du droit d&#8217;introduire une r\u00e9clamation aupr\u00e8s de la Commission Nationale de l&#8217;Informatique et des Libert\u00e9s (CNIL), notamment sur son site internet www.cnil.fr.\u00a0<\/p>\n<p><b>Vous pouvez \u00e0 tout moment retirer votre consentement<\/b> ou formuler une opposition concernant les usages de vos donn\u00e9es d\u00e9crits ci-avant.<\/p>\n<p><a href=\"https:\/\/pariswelcom.com\/wp-content\/uploads\/2020\/02\/Mentions-l\u00e9gales-Paris-Welcom.pdf\">Mentions l\u00e9gales Paris Welcom<\/a><\/p>\n","protected":false},"excerpt":{"rendered":"<p>A&amp;C Events ne garantit en aucune fa\u00e7on l\u2019exactitude, la pr\u00e9cision, l\u2019exhaustivit\u00e9 ou l\u2019ad\u00e9quation, des informations mises \u00e0 disposition sur son site, y compris l\u2019ensemble des liens hypertextes ou toute autre liaison informatique utilis\u00e9e, que ce soit directement ou indirectement. Afin &hellip; <a href=\"https:\/\/pariswelcom.com\/en\/legal-notices\/\">Read More<\/a><\/p>\n","protected":false},"author":1,"featured_media":0,"parent":0,"menu_order":0,"comment_status":"closed","ping_status":"closed","template":"","meta":{"footnotes":""},"class_list":["post-1850","page","type-page","status-publish","hentry"],"yoast_head":"<!-- This site is optimized with the Yoast SEO plugin v26.8 - https:\/\/yoast.com\/product\/yoast-seo-wordpress\/ -->\n<title>Legal notices - Paris Welcom<\/title>\n<meta name=\"robots\" content=\"index, follow, max-snippet:-1, max-image-preview:large, max-video-preview:-1\" \/>\n<link rel=\"canonical\" href=\"https:\/\/pariswelcom.com\/mentions-legales\/\" \/>\n<meta property=\"og:locale\" content=\"en_US\" \/>\n<meta property=\"og:type\" content=\"article\" \/>\n<meta property=\"og:title\" content=\"Legal notices - Paris Welcom\" \/>\n<meta property=\"og:description\" content=\"A&amp;C Events ne garantit en aucune fa\u00e7on l\u2019exactitude, la pr\u00e9cision, l\u2019exhaustivit\u00e9 ou l\u2019ad\u00e9quation, des informations mises \u00e0 disposition sur son site, y compris l\u2019ensemble des liens hypertextes ou toute autre liaison informatique utilis\u00e9e, que ce soit directement ou indirectement. Afin &hellip; Read More\" \/>\n<meta property=\"og:url\" content=\"https:\/\/pariswelcom.com\/mentions-legales\/\" \/>\n<meta property=\"og:site_name\" content=\"Paris Welcom\" \/>\n<meta property=\"article:publisher\" content=\"https:\/\/www.facebook.com\/Paris-Welcom-Chic-Apartments-in-Paris-1701999280086959\/\" \/>\n<meta property=\"article:modified_time\" content=\"2022-05-23T08:06:05+00:00\" \/>\n<meta name=\"twitter:card\" content=\"summary_large_image\" \/>\n<meta name=\"twitter:label1\" content=\"Est. reading time\" \/>\n\t<meta name=\"twitter:data1\" content=\"4 minutes\" \/>\n<script type=\"application\/ld+json\" class=\"yoast-schema-graph\">{\"@context\":\"https:\/\/schema.org\",\"@graph\":[{\"@type\":\"WebPage\",\"@id\":\"https:\/\/pariswelcom.com\/mentions-legales\/\",\"url\":\"https:\/\/pariswelcom.com\/mentions-legales\/\",\"name\":\"Legal notices - Paris Welcom\",\"isPartOf\":{\"@id\":\"https:\/\/pariswelcom.com\/#website\"},\"datePublished\":\"2019-11-08T14:35:52+00:00\",\"dateModified\":\"2022-05-23T08:06:05+00:00\",\"breadcrumb\":{\"@id\":\"https:\/\/pariswelcom.com\/mentions-legales\/#breadcrumb\"},\"inLanguage\":\"en-US\",\"potentialAction\":[{\"@type\":\"ReadAction\",\"target\":[\"https:\/\/pariswelcom.com\/mentions-legales\/\"]}]},{\"@type\":\"BreadcrumbList\",\"@id\":\"https:\/\/pariswelcom.com\/mentions-legales\/#breadcrumb\",\"itemListElement\":[{\"@type\":\"ListItem\",\"position\":1,\"name\":\"Accueil\",\"item\":\"https:\/\/pariswelcom.com\/\"},{\"@type\":\"ListItem\",\"position\":2,\"name\":\"Legal notices\"}]},{\"@type\":\"WebSite\",\"@id\":\"https:\/\/pariswelcom.com\/#website\",\"url\":\"https:\/\/pariswelcom.com\/\",\"name\":\"Paris Welcom\",\"description\":\"Chic Apartments in Paris\",\"publisher\":{\"@id\":\"https:\/\/pariswelcom.com\/#organization\"},\"potentialAction\":[{\"@type\":\"SearchAction\",\"target\":{\"@type\":\"EntryPoint\",\"urlTemplate\":\"https:\/\/pariswelcom.com\/?s={search_term_string}\"},\"query-input\":{\"@type\":\"PropertyValueSpecification\",\"valueRequired\":true,\"valueName\":\"search_term_string\"}}],\"inLanguage\":\"en-US\"},{\"@type\":\"Organization\",\"@id\":\"https:\/\/pariswelcom.com\/#organization\",\"name\":\"Paris Welcom\",\"url\":\"https:\/\/pariswelcom.com\/\",\"logo\":{\"@type\":\"ImageObject\",\"inLanguage\":\"en-US\",\"@id\":\"https:\/\/pariswelcom.com\/#\/schema\/logo\/image\/\",\"url\":\"https:\/\/pariswelcom.com\/wp-content\/uploads\/2020\/03\/cropped-pariswelcom-logo.png\",\"contentUrl\":\"https:\/\/pariswelcom.com\/wp-content\/uploads\/2020\/03\/cropped-pariswelcom-logo.png\",\"width\":512,\"height\":512,\"caption\":\"Paris Welcom\"},\"image\":{\"@id\":\"https:\/\/pariswelcom.com\/#\/schema\/logo\/image\/\"},\"sameAs\":[\"https:\/\/www.facebook.com\/Paris-Welcom-Chic-Apartments-in-Paris-1701999280086959\/\",\"https:\/\/www.instagram.com\/pariswelcom\/?hl=frM\"]}]}<\/script>\n<!-- \/ Yoast SEO plugin. -->","yoast_head_json":{"title":"Legal notices - Paris Welcom","robots":{"index":"index","follow":"follow","max-snippet":"max-snippet:-1","max-image-preview":"max-image-preview:large","max-video-preview":"max-video-preview:-1"},"canonical":"https:\/\/pariswelcom.com\/mentions-legales\/","og_locale":"en_US","og_type":"article","og_title":"Legal notices - Paris Welcom","og_description":"A&amp;C Events ne garantit en aucune fa\u00e7on l\u2019exactitude, la pr\u00e9cision, l\u2019exhaustivit\u00e9 ou l\u2019ad\u00e9quation, des informations mises \u00e0 disposition sur son site, y compris l\u2019ensemble des liens hypertextes ou toute autre liaison informatique utilis\u00e9e, que ce soit directement ou indirectement. Afin &hellip; Read More","og_url":"https:\/\/pariswelcom.com\/mentions-legales\/","og_site_name":"Paris Welcom","article_publisher":"https:\/\/www.facebook.com\/Paris-Welcom-Chic-Apartments-in-Paris-1701999280086959\/","article_modified_time":"2022-05-23T08:06:05+00:00","twitter_card":"summary_large_image","twitter_misc":{"Est. reading time":"4 minutes"},"schema":{"@context":"https:\/\/schema.org","@graph":[{"@type":"WebPage","@id":"https:\/\/pariswelcom.com\/mentions-legales\/","url":"https:\/\/pariswelcom.com\/mentions-legales\/","name":"Legal notices - Paris Welcom","isPartOf":{"@id":"https:\/\/pariswelcom.com\/#website"},"datePublished":"2019-11-08T14:35:52+00:00","dateModified":"2022-05-23T08:06:05+00:00","breadcrumb":{"@id":"https:\/\/pariswelcom.com\/mentions-legales\/#breadcrumb"},"inLanguage":"en-US","potentialAction":[{"@type":"ReadAction","target":["https:\/\/pariswelcom.com\/mentions-legales\/"]}]},{"@type":"BreadcrumbList","@id":"https:\/\/pariswelcom.com\/mentions-legales\/#breadcrumb","itemListElement":[{"@type":"ListItem","position":1,"name":"Accueil","item":"https:\/\/pariswelcom.com\/"},{"@type":"ListItem","position":2,"name":"Legal notices"}]},{"@type":"WebSite","@id":"https:\/\/pariswelcom.com\/#website","url":"https:\/\/pariswelcom.com\/","name":"Paris Welcom","description":"Chic Apartments in Paris","publisher":{"@id":"https:\/\/pariswelcom.com\/#organization"},"potentialAction":[{"@type":"SearchAction","target":{"@type":"EntryPoint","urlTemplate":"https:\/\/pariswelcom.com\/?s={search_term_string}"},"query-input":{"@type":"PropertyValueSpecification","valueRequired":true,"valueName":"search_term_string"}}],"inLanguage":"en-US"},{"@type":"Organization","@id":"https:\/\/pariswelcom.com\/#organization","name":"Paris Welcom","url":"https:\/\/pariswelcom.com\/","logo":{"@type":"ImageObject","inLanguage":"en-US","@id":"https:\/\/pariswelcom.com\/#\/schema\/logo\/image\/","url":"https:\/\/pariswelcom.com\/wp-content\/uploads\/2020\/03\/cropped-pariswelcom-logo.png","contentUrl":"https:\/\/pariswelcom.com\/wp-content\/uploads\/2020\/03\/cropped-pariswelcom-logo.png","width":512,"height":512,"caption":"Paris Welcom"},"image":{"@id":"https:\/\/pariswelcom.com\/#\/schema\/logo\/image\/"},"sameAs":["https:\/\/www.facebook.com\/Paris-Welcom-Chic-Apartments-in-Paris-1701999280086959\/","https:\/\/www.instagram.com\/pariswelcom\/?hl=frM"]}]}},"_links":{"self":[{"href":"https:\/\/pariswelcom.com\/en\/wp-json\/wp\/v2\/pages\/1850","targetHints":{"allow":["GET"]}}],"collection":[{"href":"https:\/\/pariswelcom.com\/en\/wp-json\/wp\/v2\/pages"}],"about":[{"href":"https:\/\/pariswelcom.com\/en\/wp-json\/wp\/v2\/types\/page"}],"author":[{"embeddable":true,"href":"https:\/\/pariswelcom.com\/en\/wp-json\/wp\/v2\/users\/1"}],"replies":[{"embeddable":true,"href":"https:\/\/pariswelcom.com\/en\/wp-json\/wp\/v2\/comments?post=1850"}],"version-history":[{"count":5,"href":"https:\/\/pariswelcom.com\/en\/wp-json\/wp\/v2\/pages\/1850\/revisions"}],"predecessor-version":[{"id":3937,"href":"https:\/\/pariswelcom.com\/en\/wp-json\/wp\/v2\/pages\/1850\/revisions\/3937"}],"wp:attachment":[{"href":"https:\/\/pariswelcom.com\/en\/wp-json\/wp\/v2\/media?parent=1850"}],"curies":[{"name":"wp","href":"https:\/\/api.w.org\/{rel}","templated":true}]}}