{"id":3876,"date":"2021-03-22T09:22:06","date_gmt":"2021-03-22T08:22:06","guid":{"rendered":"https:\/\/pariswelcom.com\/?page_id=3876"},"modified":"2021-12-08T10:36:13","modified_gmt":"2021-12-08T09:36:13","slug":"datenschutzerklaerung","status":"publish","type":"page","link":"https:\/\/pariswelcom.com\/de\/datenschutzerklaerung\/","title":{"rendered":"Datenschutzerkl\u00e4rung"},"content":{"rendered":"<p style=\"text-align: left;\">A &amp; C Events garantiert in keiner Weise die Richtigkeit, Pr\u00e4zision, Vollst\u00e4ndigkeit oder Angemessenheit der auf seiner Website zur Verf\u00fcgung gestellten Informationen, einschlie\u00dflich aller Hypertext-Links oder anderer verwendeter Computer-Links, ob direkt oder indirekt.<\/p>\n<p style=\"text-align: left;\">Im Allgemeinen ist jede nicht autorisierte Reproduktion oder Darstellung von Marken, Logos, Zeichnungen, Modellen, literarischen, audiovisuellen, fotografischen Werken und allgemein allen Elementen, die m\u00f6glicherweise durch ein auf den Websites zug\u00e4ngliches Recht an geistigem Eigentum gesch\u00fctzt sind, untersagt und w\u00fcrde einen Versto\u00df im Sinne der Artikel L.335-2 und der folgenden Bestimmungen des Gesetzbuches f\u00fcr Geistiges Eigentum darstellen, es sei denn, diese Vervielf\u00e4ltigung oder Darstellung ist ausschlie\u00dflich dem rein pers\u00f6nlichen und privaten Gebrauch vorbehalten.<br \/>\nDie Website von A &amp; C Events ist urheberrechtlich gesch\u00fctzt. Die Nutzung aller oder eines Teils der Websites, insbesondere durch Herunterladen, Reproduzieren, \u00dcbertragen oder Darstellen auf einem Medium und durch ein Verfahren, f\u00fcr andere Zwecke als f\u00fcr den pers\u00f6nlichen und privaten Gebrauch zu nichtkommerziellen Zwecken ist strengstens untersagt. Die Pariswelcom-Website wird von A &amp; C Events ver\u00f6ffentlicht. Die auf den Websites wiedergegebenen Firmennamen, Marken und Kennzeichen sind ebenfalls markenrechtlich gesch\u00fctzt. Die Vervielf\u00e4ltigung oder Darstellung aller oder eines Teils der vorgenannten Zeichen bedarf der vorherigen schriftlichen Genehmigung der Inhaber der Marken und Zeichen.<\/p>\n<p style=\"text-align: left;\">Publikationsdirektorin: Clarisse<\/p>\n<p style=\"text-align: left;\">\n<p style=\"text-align: left;\"><span style=\"text-decoration: underline;\"><strong>Pers\u00f6nliche Daten :<\/strong><\/span><\/p>\n<p style=\"text-align: left;\"><strong>Service-E-Mails<\/strong><\/p>\n<p style=\"text-align: left;\">Nach einer Reservierung oder im Rahmen der Nachverfolgung eines Vertrags erhalten Sie eine E-Mail, damit Sie Ihrer Reservierung oder der Ausf\u00fchrung Ihres Vertrags folgen k\u00f6nnen. Diese Servicemeldungen sind f\u00fcr die ordnungsgem\u00e4\u00dfe Ausf\u00fchrung Ihrer Reservierung erforderlich.<br \/>\nDamit wir schnell antworten k\u00f6nnen, danken wir Ihnen, dass Sie uns Ihren Nachnamen, Vornamen, Ihre E-Mail-Adresse und die Adresse angegeben, an die die Antwort gesendet werden soll. Wir k\u00f6nnen Identit\u00e4tspr\u00fcfungen durchf\u00fchren, um die Vertraulichkeit und Sicherheit Ihrer Daten zu gew\u00e4hrleisten. In einigen F\u00e4llen werden Sie m\u00f6glicherweise um eine Kopie eines Ausweises gebeten, der Ihre Unterschrift tr\u00e4gt.<br \/>\nDie auf der Website gesammelten personenbezogenen Daten werden von A &amp; C Events verarbeitet; dabei werden Ihre personenbezogenen Daten insbesondere f\u00fcr folgende Zwecke verwendet: Wir ben\u00f6tigen die Sie betreffenden Informationen f\u00fcr die Verwaltung Ihrer Reservierungen und deren Folgen. Insbesondere erfassen wir Ihren Nachnamen, Vornamen, Adresse, E-Mail-Adresse, Passnummer, Telefonnummer. Der obligatorische Charakter der Daten wird Ihnen w\u00e4hrend der Erfassung durch ein Sternchen angezeigt. Wir erfassen die Informationen, die Sie uns zur Verf\u00fcgung stellen, insbesondere wenn Sie eine Reservierung vornehmen oder Informationen auf unserer Website anfordern.<br \/>\nIhre so erhobenen personenbezogenen Daten werden 5 Jahre lang gespeichert.<\/p>\n<p style=\"text-align: left;\">\n<p style=\"text-align: left;\"><strong>Zahlung<\/strong><\/p>\n<p style=\"text-align: left;\">Wenn Sie f\u00fcr eine Reservierung bezahlen, werden die Daten der f\u00fcr die Zahlung verwendeten Karte f\u00fcr die f\u00fcr die Transaktion erforderliche Zeit und dann f\u00fcr einen Zeitraum von 15 Monaten ab Zahlung aufbewahrt, um den Nachweis der Transaktion zu gew\u00e4hrleisten.<\/p>\n<p style=\"text-align: left;\">In \u00dcbereinstimmung mit den Bestimmungen zum Schutz personenbezogener Daten k\u00f6nnen Sie Ihre Rechte (Zugriff, Berichtigung, L\u00f6schung, Widerspruch, Einschr\u00e4nkung und Portabilit\u00e4t, falls erforderlich) aus\u00fcben und das Schicksal Ihrer personenbezogenen Daten \u201epost mortem\u201c definieren.<br \/>\nIhre Rechte k\u00f6nnen Sie wie folgt aus\u00fcben: Per Post an die Adresse: A &amp; C Events, Kundendienst \u2013 34 rue de Tocqueville \u2013 75017 Paris. Per E-Mail an pariswelcom@gmail.com. Es ist ratsam, uns Ihren Namen, Ihren Vornamen, Ihre E-Mail-Adresse und Ihre Adresse mitzuteilen und den Grund f\u00fcr Ihre Anfrage, das betreffende Zeichen und \/ oder das Recht, das Sie aus\u00fcben m\u00f6chten, anzugeben.<\/p>\n<p style=\"text-align: left;\">Sie haben auch das Recht, eine Beschwerde bei der Nationalen Kommission f\u00fcr Datenschutz (CNIL) einzureichen, insbesondere auf deren Website www.cnil.fr.<\/p>\n<p style=\"text-align: left;\">Sie k\u00f6nnen Ihre Einwilligung oder Ihren Widerspruch gegen die Verwendung der oben beschriebenen Daten jederzeit widerrufen.<\/p>\n","protected":false},"excerpt":{"rendered":"<p>A &amp; C Events garantiert in keiner Weise die Richtigkeit, Pr\u00e4zision, Vollst\u00e4ndigkeit oder Angemessenheit der auf seiner Website zur Verf\u00fcgung gestellten Informationen, einschlie\u00dflich aller Hypertext-Links oder anderer verwendeter Computer-Links, ob direkt oder indirekt. Im Allgemeinen ist jede nicht autorisierte Reproduktion &hellip; <a href=\"https:\/\/pariswelcom.com\/de\/datenschutzerklaerung\/\">Weiterlesen<\/a><\/p>\n","protected":false},"author":4,"featured_media":0,"parent":0,"menu_order":0,"comment_status":"closed","ping_status":"closed","template":"","meta":{"footnotes":""},"class_list":["post-3876","page","type-page","status-publish","hentry"],"yoast_head":"<!-- This site is optimized with the Yoast SEO plugin v26.8 - https:\/\/yoast.com\/product\/yoast-seo-wordpress\/ -->\n<title>Datenschutzerkl\u00e4rung - Paris Welcom<\/title>\n<meta name=\"robots\" content=\"index, follow, max-snippet:-1, max-image-preview:large, max-video-preview:-1\" \/>\n<link rel=\"canonical\" href=\"https:\/\/pariswelcom.com\/mentions-legales\/\" \/>\n<meta property=\"og:locale\" content=\"de_DE\" \/>\n<meta property=\"og:type\" content=\"article\" \/>\n<meta property=\"og:title\" content=\"Datenschutzerkl\u00e4rung - Paris Welcom\" \/>\n<meta property=\"og:description\" content=\"A &amp; C Events garantiert in keiner Weise die Richtigkeit, Pr\u00e4zision, Vollst\u00e4ndigkeit oder Angemessenheit der auf seiner Website zur Verf\u00fcgung gestellten Informationen, einschlie\u00dflich aller Hypertext-Links oder anderer verwendeter Computer-Links, ob direkt oder indirekt. Im Allgemeinen ist jede nicht autorisierte Reproduktion &hellip; Weiterlesen\" \/>\n<meta property=\"og:url\" content=\"https:\/\/pariswelcom.com\/mentions-legales\/\" \/>\n<meta property=\"og:site_name\" content=\"Paris Welcom\" \/>\n<meta property=\"article:publisher\" content=\"https:\/\/www.facebook.com\/Paris-Welcom-Chic-Apartments-in-Paris-1701999280086959\/\" \/>\n<meta property=\"article:modified_time\" content=\"2021-12-08T09:36:13+00:00\" \/>\n<meta name=\"twitter:card\" content=\"summary_large_image\" \/>\n<meta name=\"twitter:label1\" content=\"Gesch\u00e4tzte Lesezeit\" \/>\n\t<meta name=\"twitter:data1\" content=\"3\u00a0Minuten\" \/>\n<script type=\"application\/ld+json\" class=\"yoast-schema-graph\">{\"@context\":\"https:\/\/schema.org\",\"@graph\":[{\"@type\":\"WebPage\",\"@id\":\"https:\/\/pariswelcom.com\/mentions-legales\/\",\"url\":\"https:\/\/pariswelcom.com\/mentions-legales\/\",\"name\":\"Datenschutzerkl\u00e4rung - Paris Welcom\",\"isPartOf\":{\"@id\":\"https:\/\/pariswelcom.com\/#website\"},\"datePublished\":\"2021-03-22T08:22:06+00:00\",\"dateModified\":\"2021-12-08T09:36:13+00:00\",\"breadcrumb\":{\"@id\":\"https:\/\/pariswelcom.com\/mentions-legales\/#breadcrumb\"},\"inLanguage\":\"de\",\"potentialAction\":[{\"@type\":\"ReadAction\",\"target\":[\"https:\/\/pariswelcom.com\/mentions-legales\/\"]}]},{\"@type\":\"BreadcrumbList\",\"@id\":\"https:\/\/pariswelcom.com\/mentions-legales\/#breadcrumb\",\"itemListElement\":[{\"@type\":\"ListItem\",\"position\":1,\"name\":\"Accueil\",\"item\":\"https:\/\/pariswelcom.com\/\"},{\"@type\":\"ListItem\",\"position\":2,\"name\":\"Datenschutzerkl\u00e4rung\"}]},{\"@type\":\"WebSite\",\"@id\":\"https:\/\/pariswelcom.com\/#website\",\"url\":\"https:\/\/pariswelcom.com\/\",\"name\":\"Paris Welcom\",\"description\":\"Chic Apartments in Paris\",\"publisher\":{\"@id\":\"https:\/\/pariswelcom.com\/#organization\"},\"potentialAction\":[{\"@type\":\"SearchAction\",\"target\":{\"@type\":\"EntryPoint\",\"urlTemplate\":\"https:\/\/pariswelcom.com\/?s={search_term_string}\"},\"query-input\":{\"@type\":\"PropertyValueSpecification\",\"valueRequired\":true,\"valueName\":\"search_term_string\"}}],\"inLanguage\":\"de\"},{\"@type\":\"Organization\",\"@id\":\"https:\/\/pariswelcom.com\/#organization\",\"name\":\"Paris Welcom\",\"url\":\"https:\/\/pariswelcom.com\/\",\"logo\":{\"@type\":\"ImageObject\",\"inLanguage\":\"de\",\"@id\":\"https:\/\/pariswelcom.com\/#\/schema\/logo\/image\/\",\"url\":\"https:\/\/pariswelcom.com\/wp-content\/uploads\/2020\/03\/cropped-pariswelcom-logo.png\",\"contentUrl\":\"https:\/\/pariswelcom.com\/wp-content\/uploads\/2020\/03\/cropped-pariswelcom-logo.png\",\"width\":512,\"height\":512,\"caption\":\"Paris Welcom\"},\"image\":{\"@id\":\"https:\/\/pariswelcom.com\/#\/schema\/logo\/image\/\"},\"sameAs\":[\"https:\/\/www.facebook.com\/Paris-Welcom-Chic-Apartments-in-Paris-1701999280086959\/\",\"https:\/\/www.instagram.com\/pariswelcom\/?hl=frM\"]}]}<\/script>\n<!-- \/ Yoast SEO plugin. -->","yoast_head_json":{"title":"Datenschutzerkl\u00e4rung - Paris Welcom","robots":{"index":"index","follow":"follow","max-snippet":"max-snippet:-1","max-image-preview":"max-image-preview:large","max-video-preview":"max-video-preview:-1"},"canonical":"https:\/\/pariswelcom.com\/mentions-legales\/","og_locale":"de_DE","og_type":"article","og_title":"Datenschutzerkl\u00e4rung - Paris Welcom","og_description":"A &amp; C Events garantiert in keiner Weise die Richtigkeit, Pr\u00e4zision, Vollst\u00e4ndigkeit oder Angemessenheit der auf seiner Website zur Verf\u00fcgung gestellten Informationen, einschlie\u00dflich aller Hypertext-Links oder anderer verwendeter Computer-Links, ob direkt oder indirekt. Im Allgemeinen ist jede nicht autorisierte Reproduktion &hellip; Weiterlesen","og_url":"https:\/\/pariswelcom.com\/mentions-legales\/","og_site_name":"Paris Welcom","article_publisher":"https:\/\/www.facebook.com\/Paris-Welcom-Chic-Apartments-in-Paris-1701999280086959\/","article_modified_time":"2021-12-08T09:36:13+00:00","twitter_card":"summary_large_image","twitter_misc":{"Gesch\u00e4tzte Lesezeit":"3\u00a0Minuten"},"schema":{"@context":"https:\/\/schema.org","@graph":[{"@type":"WebPage","@id":"https:\/\/pariswelcom.com\/mentions-legales\/","url":"https:\/\/pariswelcom.com\/mentions-legales\/","name":"Datenschutzerkl\u00e4rung - Paris Welcom","isPartOf":{"@id":"https:\/\/pariswelcom.com\/#website"},"datePublished":"2021-03-22T08:22:06+00:00","dateModified":"2021-12-08T09:36:13+00:00","breadcrumb":{"@id":"https:\/\/pariswelcom.com\/mentions-legales\/#breadcrumb"},"inLanguage":"de","potentialAction":[{"@type":"ReadAction","target":["https:\/\/pariswelcom.com\/mentions-legales\/"]}]},{"@type":"BreadcrumbList","@id":"https:\/\/pariswelcom.com\/mentions-legales\/#breadcrumb","itemListElement":[{"@type":"ListItem","position":1,"name":"Accueil","item":"https:\/\/pariswelcom.com\/"},{"@type":"ListItem","position":2,"name":"Datenschutzerkl\u00e4rung"}]},{"@type":"WebSite","@id":"https:\/\/pariswelcom.com\/#website","url":"https:\/\/pariswelcom.com\/","name":"Paris Welcom","description":"Chic Apartments in Paris","publisher":{"@id":"https:\/\/pariswelcom.com\/#organization"},"potentialAction":[{"@type":"SearchAction","target":{"@type":"EntryPoint","urlTemplate":"https:\/\/pariswelcom.com\/?s={search_term_string}"},"query-input":{"@type":"PropertyValueSpecification","valueRequired":true,"valueName":"search_term_string"}}],"inLanguage":"de"},{"@type":"Organization","@id":"https:\/\/pariswelcom.com\/#organization","name":"Paris Welcom","url":"https:\/\/pariswelcom.com\/","logo":{"@type":"ImageObject","inLanguage":"de","@id":"https:\/\/pariswelcom.com\/#\/schema\/logo\/image\/","url":"https:\/\/pariswelcom.com\/wp-content\/uploads\/2020\/03\/cropped-pariswelcom-logo.png","contentUrl":"https:\/\/pariswelcom.com\/wp-content\/uploads\/2020\/03\/cropped-pariswelcom-logo.png","width":512,"height":512,"caption":"Paris Welcom"},"image":{"@id":"https:\/\/pariswelcom.com\/#\/schema\/logo\/image\/"},"sameAs":["https:\/\/www.facebook.com\/Paris-Welcom-Chic-Apartments-in-Paris-1701999280086959\/","https:\/\/www.instagram.com\/pariswelcom\/?hl=frM"]}]}},"_links":{"self":[{"href":"https:\/\/pariswelcom.com\/de\/wp-json\/wp\/v2\/pages\/3876","targetHints":{"allow":["GET"]}}],"collection":[{"href":"https:\/\/pariswelcom.com\/de\/wp-json\/wp\/v2\/pages"}],"about":[{"href":"https:\/\/pariswelcom.com\/de\/wp-json\/wp\/v2\/types\/page"}],"author":[{"embeddable":true,"href":"https:\/\/pariswelcom.com\/de\/wp-json\/wp\/v2\/users\/4"}],"replies":[{"embeddable":true,"href":"https:\/\/pariswelcom.com\/de\/wp-json\/wp\/v2\/comments?post=3876"}],"version-history":[{"count":4,"href":"https:\/\/pariswelcom.com\/de\/wp-json\/wp\/v2\/pages\/3876\/revisions"}],"predecessor-version":[{"id":3904,"href":"https:\/\/pariswelcom.com\/de\/wp-json\/wp\/v2\/pages\/3876\/revisions\/3904"}],"wp:attachment":[{"href":"https:\/\/pariswelcom.com\/de\/wp-json\/wp\/v2\/media?parent=3876"}],"curies":[{"name":"wp","href":"https:\/\/api.w.org\/{rel}","templated":true}]}}