{"id":3677,"date":"2017-05-31T05:00:25","date_gmt":"2017-05-31T05:00:25","guid":{"rendered":"https:\/\/pariswelcom.com\/blog\/"},"modified":"2020-11-07T18:07:30","modified_gmt":"2020-11-07T17:07:30","slug":"blog","status":"publish","type":"page","link":"https:\/\/pariswelcom.com\/de\/blog\/","title":{"rendered":"Blog"},"content":{"rendered":"\t\t<div data-elementor-type=\"wp-post\" data-elementor-id=\"3677\" class=\"elementor elementor-3677 elementor-84\">\n\t\t\t\t\t\t<section class=\"elementor-section elementor-top-section elementor-element elementor-element-axm2p4l elementor-section-height-min-height elementor-section-boxed elementor-section-height-default elementor-section-items-middle\" data-id=\"axm2p4l\" data-element_type=\"section\" data-settings=\"{&quot;background_background&quot;:&quot;classic&quot;}\">\n\t\t\t\t\t\t\t<div class=\"elementor-background-overlay\"><\/div>\n\t\t\t\t\t\t\t<div class=\"elementor-container elementor-column-gap-default\">\n\t\t\t\t\t<div class=\"elementor-column elementor-col-100 elementor-top-column elementor-element elementor-element-eg989yn\" data-id=\"eg989yn\" data-element_type=\"column\">\n\t\t\t<div class=\"elementor-widget-wrap elementor-element-populated\">\n\t\t\t\t\t\t<div class=\"elementor-element elementor-element-dy8ht18 elementor-widget elementor-widget-spacer\" data-id=\"dy8ht18\" data-element_type=\"widget\" data-widget_type=\"spacer.default\">\n\t\t\t\t<div class=\"elementor-widget-container\">\n\t\t\t\t\t\t\t<div class=\"elementor-spacer\">\n\t\t\t<div class=\"elementor-spacer-inner\"><\/div>\n\t\t<\/div>\n\t\t\t\t\t\t<\/div>\n\t\t\t\t<\/div>\n\t\t\t\t<div class=\"elementor-element elementor-element-6e0rano elementor-view-default elementor-position-top elementor-widget elementor-widget-themo-header\" data-id=\"6e0rano\" data-element_type=\"widget\" data-widget_type=\"themo-header.default\">\n\t\t\t\t<div class=\"elementor-widget-container\">\n\t\t\t\t\t\t\t<div class=\"th-header-wrap\">\n        <div class=\"elementor-icon-box-wrapper \">\n                            <div class=\"elementor-icon-box-content\">\n                    <h1 class=\"elementor-icon-box-title\">\n                        BLOG                      <\/h1>\n                                        <p class=\"elementor-icon-box-description\">Unsere Lieblingsadressen und Geheimtipps f\u00fcr einen gelungenen Paris-Aufenthalt<\/p>\n\n                                    <\/div>\n            <\/div>\n\n        <\/div>\n\n\t\t\t\t\t\t<\/div>\n\t\t\t\t<\/div>\n\t\t\t\t\t<\/div>\n\t\t<\/div>\n\t\t\t\t\t<\/div>\n\t\t<\/section>\n\t\t\t\t<section class=\"elementor-section elementor-top-section elementor-element elementor-element-vkt1dv8 elementor-section-boxed elementor-section-height-default elementor-section-height-default\" data-id=\"vkt1dv8\" data-element_type=\"section\" data-settings=\"{&quot;background_background&quot;:&quot;classic&quot;}\">\n\t\t\t\t\t\t<div class=\"elementor-container elementor-column-gap-default\">\n\t\t\t\t\t<div class=\"elementor-column elementor-col-100 elementor-top-column elementor-element elementor-element-xo5h9bj\" data-id=\"xo5h9bj\" data-element_type=\"column\">\n\t\t\t<div class=\"elementor-widget-wrap elementor-element-populated\">\n\t\t\t\t\t\t<div class=\"elementor-element elementor-element-h6bnfn5 elementor-widget elementor-widget-spacer\" data-id=\"h6bnfn5\" data-element_type=\"widget\" data-widget_type=\"spacer.default\">\n\t\t\t\t<div class=\"elementor-widget-container\">\n\t\t\t\t\t\t\t<div class=\"elementor-spacer\">\n\t\t\t<div class=\"elementor-spacer-inner\"><\/div>\n\t\t<\/div>\n\t\t\t\t\t\t<\/div>\n\t\t\t\t<\/div>\n\t\t\t\t<div class=\"elementor-element elementor-element-j81sio5 elementor-widget elementor-widget-themo-blog\" data-id=\"j81sio5\" data-element_type=\"widget\" data-widget_type=\"themo-blog.default\">\n\t\t\t\t<div class=\"elementor-widget-container\">\n\t\t\t\t\t\n                                <section class=\"th-masonry-blog th-blog-3-col\">\n\n                        <div class=\"mas-blog row\">\n                            <div class=\"mas-blog-post-sizer col-sm-6 col-md-4\"><\/div>\n                                                                                            <div class=\"mas-blog-post col-sm-6 col-md-4 post-3562 post type-post status-publish format-standard has-post-thumbnail hentry category-non-classifiee\">\n                                                <a href=\"https:\/\/pariswelcom.com\/de\/passages-parisiens\/\">\n            <br \/>\n<b>Warning<\/b>:  Undefined variable $image_size in <b>\/home\/clients\/525708e85625ca2b740f8f749e6edb60\/web\/wp-content\/plugins\/aloha-powerpack\/elements\/blog_templates\/content-standard.php<\/b> on line <b>9<\/b><br \/>\n<img fetchpriority=\"high\" decoding=\"async\" width=\"1385\" height=\"923\" src=\"https:\/\/pariswelcom.com\/wp-content\/uploads\/2020\/04\/image1.jpg\" class=\"img-responsive wp-post-image\" alt=\"\" srcset=\"https:\/\/pariswelcom.com\/wp-content\/uploads\/2020\/04\/image1.jpg 1385w, https:\/\/pariswelcom.com\/wp-content\/uploads\/2020\/04\/image1-300x200.jpg 300w, https:\/\/pariswelcom.com\/wp-content\/uploads\/2020\/04\/image1-768x512.jpg 768w, https:\/\/pariswelcom.com\/wp-content\/uploads\/2020\/04\/image1-1024x682.jpg 1024w, https:\/\/pariswelcom.com\/wp-content\/uploads\/2020\/04\/image1-75x50.jpg 75w, https:\/\/pariswelcom.com\/wp-content\/uploads\/2020\/04\/image1-120x80.jpg 120w, https:\/\/pariswelcom.com\/wp-content\/uploads\/2020\/04\/image1-394x263.jpg 394w, https:\/\/pariswelcom.com\/wp-content\/uploads\/2020\/04\/image1-915x610.jpg 915w, https:\/\/pariswelcom.com\/wp-content\/uploads\/2020\/04\/image1-1240x826.jpg 1240w\" sizes=\"(max-width: 1385px) 100vw, 1385px\" \/>        <\/a>\n    \n<div class=\"post-inner\">\n    <h3 class=\"post-title\"><a href=\"https:\/\/pariswelcom.com\/de\/passages-parisiens\/\">Pariser Passagen &#038; Gute Adressen<\/a><\/h3>\n\n    <div class=\"post-meta\">\n    <a href=\"https:\/\/pariswelcom.com\/category\/non-classifiee\/\" rel=\"category tag\">Non classifi\u00e9(e)<\/a><\/div>\n\n            <div class=\"entry-content post-excerpt\">\n            <p>\n                Das beginnende b\u00fcrgerliche Zeitalter im fr\u00fchen 19. Jahrhundert entwickelte diese neue Form der Warenpr\u00e4sentation: ganze Gesch\u00e4ftsstra\u00dfen unter gl\u00e4sernen D\u00e4chern. Zur Bl\u00fctezeit um 1830 gab es an der Seine \u00fcber 100 dieser gl\u00e4sernen Galerien. Die damals hoch moderne Gasbeleuchtung sorgte f\u00fcrs &hellip; <a href=\"https:\/\/pariswelcom.com\/de\/passages-parisiens\/\">Weiterlesen<\/a>            <\/p>\n        <\/div>\n            <div class=\"date-meta\">\n    <span class=\"thmv-author\">\n    <i class=\"xs-icon fa fa-calendar-o\"><\/i>\n    <!--div class=\"post-meta\"-->\n        <span class=\"themo-mas-date-meta show-author\"><a href=\"https:\/\/pariswelcom.com\/de\/author\/sixtrone\/\" title=\"Beitr\u00e4ge von Sixtrone\" rel=\"author\">Sixtrone<\/a><\/span>\n    <\/span>\n    \n        <time class=\"themo-mas-date-meta published thmv-date\" datetime=\"2020-04-17T13:29:34+02:00\">17 April 2020<\/time>\n            <!--\/div-->\n    <span class=\"is-sticky\">Featured Post<\/span>\n<\/div><\/div>\n                                <\/div>\n\n                                                                                            <div class=\"mas-blog-post col-sm-6 col-md-4 post-1611 post type-post status-publish format-standard has-post-thumbnail hentry category-unkategorisiert\">\n                                                <a href=\"https:\/\/pariswelcom.com\/de\/shakespeare-cie\/\">\n            <br \/>\n<b>Warning<\/b>:  Undefined variable $image_size in <b>\/home\/clients\/525708e85625ca2b740f8f749e6edb60\/web\/wp-content\/plugins\/aloha-powerpack\/elements\/blog_templates\/content-standard.php<\/b> on line <b>9<\/b><br \/>\n<img decoding=\"async\" width=\"1384\" height=\"925\" src=\"https:\/\/pariswelcom.com\/wp-content\/uploads\/2020\/02\/Shakespeare-Cie-article-DE.jpg\" class=\"img-responsive wp-post-image\" alt=\"\" srcset=\"https:\/\/pariswelcom.com\/wp-content\/uploads\/2020\/02\/Shakespeare-Cie-article-DE.jpg 1384w, https:\/\/pariswelcom.com\/wp-content\/uploads\/2020\/02\/Shakespeare-Cie-article-DE-300x201.jpg 300w, https:\/\/pariswelcom.com\/wp-content\/uploads\/2020\/02\/Shakespeare-Cie-article-DE-768x513.jpg 768w, https:\/\/pariswelcom.com\/wp-content\/uploads\/2020\/02\/Shakespeare-Cie-article-DE-1024x684.jpg 1024w, https:\/\/pariswelcom.com\/wp-content\/uploads\/2020\/02\/Shakespeare-Cie-article-DE-75x50.jpg 75w, https:\/\/pariswelcom.com\/wp-content\/uploads\/2020\/02\/Shakespeare-Cie-article-DE-120x80.jpg 120w, https:\/\/pariswelcom.com\/wp-content\/uploads\/2020\/02\/Shakespeare-Cie-article-DE-394x263.jpg 394w, https:\/\/pariswelcom.com\/wp-content\/uploads\/2020\/02\/Shakespeare-Cie-article-DE-915x612.jpg 915w, https:\/\/pariswelcom.com\/wp-content\/uploads\/2020\/02\/Shakespeare-Cie-article-DE-1240x829.jpg 1240w\" sizes=\"(max-width: 1384px) 100vw, 1384px\" \/>        <\/a>\n    \n<div class=\"post-inner\">\n    <h3 class=\"post-title\"><a href=\"https:\/\/pariswelcom.com\/de\/shakespeare-cie\/\">Shakespeare and Cie<\/a><\/h3>\n\n    <div class=\"post-meta\">\n    <a href=\"https:\/\/pariswelcom.com\/de\/category\/unkategorisiert\/\" rel=\"category tag\">Unkategorisiert<\/a><\/div>\n\n            <div class=\"entry-content post-excerpt\">\n            <p>\n                \u201eChez Shakespeare\u201c klingt ja eigentlich sehr englisch, nicht wahr. Doch es handelt sich um etwas sehr Pariserisches. Um den wahrscheinlich originellsten Buchladen in der Seine Stad. Wobei das W\u00f6rtchen Laden in diesem Fall dann doch ein britisches Understatement ist. Denn &hellip; <a href=\"https:\/\/pariswelcom.com\/de\/shakespeare-cie\/\">Weiterlesen<\/a>            <\/p>\n        <\/div>\n            <div class=\"date-meta\">\n    <span class=\"thmv-author\">\n    <i class=\"xs-icon fa fa-calendar-o\"><\/i>\n    <!--div class=\"post-meta\"-->\n        <span class=\"themo-mas-date-meta show-author\"><a href=\"https:\/\/pariswelcom.com\/de\/author\/sixtrone\/\" title=\"Beitr\u00e4ge von Sixtrone\" rel=\"author\">Sixtrone<\/a><\/span>\n    <\/span>\n    \n        <time class=\"themo-mas-date-meta published thmv-date\" datetime=\"2020-02-14T10:46:02+01:00\">14 Februar 2020<\/time>\n            <!--\/div-->\n    <span class=\"is-sticky\">Featured Post<\/span>\n<\/div><\/div>\n                                <\/div>\n\n                            \n                        <\/div>\n                                            <\/section>\n\n                    \t\t\t\t<\/div>\n\t\t\t\t<\/div>\n\t\t\t\t<div class=\"elementor-element elementor-element-48r7spq elementor-widget elementor-widget-spacer\" data-id=\"48r7spq\" data-element_type=\"widget\" data-widget_type=\"spacer.default\">\n\t\t\t\t<div class=\"elementor-widget-container\">\n\t\t\t\t\t\t\t<div class=\"elementor-spacer\">\n\t\t\t<div class=\"elementor-spacer-inner\"><\/div>\n\t\t<\/div>\n\t\t\t\t\t\t<\/div>\n\t\t\t\t<\/div>\n\t\t\t\t\t<\/div>\n\t\t<\/div>\n\t\t\t\t\t<\/div>\n\t\t<\/section>\n\t\t\t\t<\/div>\n\t\t","protected":false},"excerpt":{"rendered":"<p>BLOG Unsere Lieblingsadressen und Geheimtipps f\u00fcr einen gelungenen Paris-Aufenthalt Non classifi\u00e9(e) LES PASSAGES PARISIENS Ne manquez pas de vous promener \u00e0 travers ces fameux \u00ab \u201cpassages parisiens\u201d situ\u00e9s \u00e0 2 pas de nos appartements : &nbsp; &nbsp; Le Passage Jouffroy &hellip; <a href=\"https:\/\/pariswelcom.com\/de\/shakespeare-cie\/\">Weiterlesen<\/a><\/p>\n","protected":false},"author":1,"featured_media":0,"parent":0,"menu_order":14,"comment_status":"closed","ping_status":"closed","template":"","meta":{"footnotes":""},"class_list":["post-3677","page","type-page","status-publish","hentry"],"yoast_head":"<!-- This site is optimized with the Yoast SEO plugin v26.8 - https:\/\/yoast.com\/product\/yoast-seo-wordpress\/ -->\n<title>Blog - Paris Welcom<\/title>\n<meta name=\"robots\" content=\"index, follow, max-snippet:-1, max-image-preview:large, max-video-preview:-1\" \/>\n<link rel=\"canonical\" href=\"https:\/\/pariswelcom.com\/blog\/\" \/>\n<meta property=\"og:locale\" content=\"de_DE\" \/>\n<meta property=\"og:type\" content=\"article\" \/>\n<meta property=\"og:title\" content=\"Blog - Paris Welcom\" \/>\n<meta property=\"og:description\" content=\"BLOG Unsere Lieblingsadressen und Geheimtipps f\u00fcr einen gelungenen Paris-Aufenthalt Non classifi\u00e9(e) LES PASSAGES PARISIENS Ne manquez pas de vous promener \u00e0 travers ces fameux \u00ab \u201cpassages parisiens\u201d situ\u00e9s \u00e0 2 pas de nos appartements : &nbsp; &nbsp; Le Passage Jouffroy &hellip; Weiterlesen\" \/>\n<meta property=\"og:url\" content=\"https:\/\/pariswelcom.com\/blog\/\" \/>\n<meta property=\"og:site_name\" content=\"Paris Welcom\" \/>\n<meta property=\"article:publisher\" content=\"https:\/\/www.facebook.com\/Paris-Welcom-Chic-Apartments-in-Paris-1701999280086959\/\" \/>\n<meta property=\"article:modified_time\" content=\"2020-11-07T17:07:30+00:00\" \/>\n<meta property=\"og:image\" content=\"https:\/\/pariswelcom.com\/wp-content\/uploads\/2020\/02\/covered-arcades-394x394.jpg\" \/>\n<meta name=\"twitter:card\" content=\"summary_large_image\" \/>\n<script type=\"application\/ld+json\" class=\"yoast-schema-graph\">{\"@context\":\"https:\/\/schema.org\",\"@graph\":[{\"@type\":\"WebPage\",\"@id\":\"https:\/\/pariswelcom.com\/blog\/\",\"url\":\"https:\/\/pariswelcom.com\/blog\/\",\"name\":\"Blog - Paris Welcom\",\"isPartOf\":{\"@id\":\"https:\/\/pariswelcom.com\/#website\"},\"primaryImageOfPage\":{\"@id\":\"https:\/\/pariswelcom.com\/blog\/#primaryimage\"},\"image\":{\"@id\":\"https:\/\/pariswelcom.com\/blog\/#primaryimage\"},\"thumbnailUrl\":\"https:\/\/pariswelcom.com\/wp-content\/uploads\/2020\/02\/covered-arcades-394x394.jpg\",\"datePublished\":\"2017-05-31T05:00:25+00:00\",\"dateModified\":\"2020-11-07T17:07:30+00:00\",\"breadcrumb\":{\"@id\":\"https:\/\/pariswelcom.com\/blog\/#breadcrumb\"},\"inLanguage\":\"de\",\"potentialAction\":[{\"@type\":\"ReadAction\",\"target\":[\"https:\/\/pariswelcom.com\/blog\/\"]}]},{\"@type\":\"ImageObject\",\"inLanguage\":\"de\",\"@id\":\"https:\/\/pariswelcom.com\/blog\/#primaryimage\",\"url\":\"https:\/\/pariswelcom.com\/wp-content\/uploads\/2020\/02\/covered-arcades-394x394.jpg\",\"contentUrl\":\"https:\/\/pariswelcom.com\/wp-content\/uploads\/2020\/02\/covered-arcades-394x394.jpg\"},{\"@type\":\"BreadcrumbList\",\"@id\":\"https:\/\/pariswelcom.com\/blog\/#breadcrumb\",\"itemListElement\":[{\"@type\":\"ListItem\",\"position\":1,\"name\":\"Accueil\",\"item\":\"https:\/\/pariswelcom.com\/\"},{\"@type\":\"ListItem\",\"position\":2,\"name\":\"Blog\"}]},{\"@type\":\"WebSite\",\"@id\":\"https:\/\/pariswelcom.com\/#website\",\"url\":\"https:\/\/pariswelcom.com\/\",\"name\":\"Paris Welcom\",\"description\":\"Chic Apartments in Paris\",\"publisher\":{\"@id\":\"https:\/\/pariswelcom.com\/#organization\"},\"potentialAction\":[{\"@type\":\"SearchAction\",\"target\":{\"@type\":\"EntryPoint\",\"urlTemplate\":\"https:\/\/pariswelcom.com\/?s={search_term_string}\"},\"query-input\":{\"@type\":\"PropertyValueSpecification\",\"valueRequired\":true,\"valueName\":\"search_term_string\"}}],\"inLanguage\":\"de\"},{\"@type\":\"Organization\",\"@id\":\"https:\/\/pariswelcom.com\/#organization\",\"name\":\"Paris Welcom\",\"url\":\"https:\/\/pariswelcom.com\/\",\"logo\":{\"@type\":\"ImageObject\",\"inLanguage\":\"de\",\"@id\":\"https:\/\/pariswelcom.com\/#\/schema\/logo\/image\/\",\"url\":\"https:\/\/pariswelcom.com\/wp-content\/uploads\/2020\/03\/cropped-pariswelcom-logo.png\",\"contentUrl\":\"https:\/\/pariswelcom.com\/wp-content\/uploads\/2020\/03\/cropped-pariswelcom-logo.png\",\"width\":512,\"height\":512,\"caption\":\"Paris Welcom\"},\"image\":{\"@id\":\"https:\/\/pariswelcom.com\/#\/schema\/logo\/image\/\"},\"sameAs\":[\"https:\/\/www.facebook.com\/Paris-Welcom-Chic-Apartments-in-Paris-1701999280086959\/\",\"https:\/\/www.instagram.com\/pariswelcom\/?hl=frM\"]}]}<\/script>\n<!-- \/ Yoast SEO plugin. -->","yoast_head_json":{"title":"Blog - Paris Welcom","robots":{"index":"index","follow":"follow","max-snippet":"max-snippet:-1","max-image-preview":"max-image-preview:large","max-video-preview":"max-video-preview:-1"},"canonical":"https:\/\/pariswelcom.com\/blog\/","og_locale":"de_DE","og_type":"article","og_title":"Blog - Paris Welcom","og_description":"BLOG Unsere Lieblingsadressen und Geheimtipps f\u00fcr einen gelungenen Paris-Aufenthalt Non classifi\u00e9(e) LES PASSAGES PARISIENS Ne manquez pas de vous promener \u00e0 travers ces fameux \u00ab \u201cpassages parisiens\u201d situ\u00e9s \u00e0 2 pas de nos appartements : &nbsp; &nbsp; Le Passage Jouffroy &hellip; Weiterlesen","og_url":"https:\/\/pariswelcom.com\/blog\/","og_site_name":"Paris Welcom","article_publisher":"https:\/\/www.facebook.com\/Paris-Welcom-Chic-Apartments-in-Paris-1701999280086959\/","article_modified_time":"2020-11-07T17:07:30+00:00","og_image":[{"url":"https:\/\/pariswelcom.com\/wp-content\/uploads\/2020\/02\/covered-arcades-394x394.jpg","type":"","width":"","height":""}],"twitter_card":"summary_large_image","schema":{"@context":"https:\/\/schema.org","@graph":[{"@type":"WebPage","@id":"https:\/\/pariswelcom.com\/blog\/","url":"https:\/\/pariswelcom.com\/blog\/","name":"Blog - Paris Welcom","isPartOf":{"@id":"https:\/\/pariswelcom.com\/#website"},"primaryImageOfPage":{"@id":"https:\/\/pariswelcom.com\/blog\/#primaryimage"},"image":{"@id":"https:\/\/pariswelcom.com\/blog\/#primaryimage"},"thumbnailUrl":"https:\/\/pariswelcom.com\/wp-content\/uploads\/2020\/02\/covered-arcades-394x394.jpg","datePublished":"2017-05-31T05:00:25+00:00","dateModified":"2020-11-07T17:07:30+00:00","breadcrumb":{"@id":"https:\/\/pariswelcom.com\/blog\/#breadcrumb"},"inLanguage":"de","potentialAction":[{"@type":"ReadAction","target":["https:\/\/pariswelcom.com\/blog\/"]}]},{"@type":"ImageObject","inLanguage":"de","@id":"https:\/\/pariswelcom.com\/blog\/#primaryimage","url":"https:\/\/pariswelcom.com\/wp-content\/uploads\/2020\/02\/covered-arcades-394x394.jpg","contentUrl":"https:\/\/pariswelcom.com\/wp-content\/uploads\/2020\/02\/covered-arcades-394x394.jpg"},{"@type":"BreadcrumbList","@id":"https:\/\/pariswelcom.com\/blog\/#breadcrumb","itemListElement":[{"@type":"ListItem","position":1,"name":"Accueil","item":"https:\/\/pariswelcom.com\/"},{"@type":"ListItem","position":2,"name":"Blog"}]},{"@type":"WebSite","@id":"https:\/\/pariswelcom.com\/#website","url":"https:\/\/pariswelcom.com\/","name":"Paris Welcom","description":"Chic Apartments in Paris","publisher":{"@id":"https:\/\/pariswelcom.com\/#organization"},"potentialAction":[{"@type":"SearchAction","target":{"@type":"EntryPoint","urlTemplate":"https:\/\/pariswelcom.com\/?s={search_term_string}"},"query-input":{"@type":"PropertyValueSpecification","valueRequired":true,"valueName":"search_term_string"}}],"inLanguage":"de"},{"@type":"Organization","@id":"https:\/\/pariswelcom.com\/#organization","name":"Paris Welcom","url":"https:\/\/pariswelcom.com\/","logo":{"@type":"ImageObject","inLanguage":"de","@id":"https:\/\/pariswelcom.com\/#\/schema\/logo\/image\/","url":"https:\/\/pariswelcom.com\/wp-content\/uploads\/2020\/03\/cropped-pariswelcom-logo.png","contentUrl":"https:\/\/pariswelcom.com\/wp-content\/uploads\/2020\/03\/cropped-pariswelcom-logo.png","width":512,"height":512,"caption":"Paris Welcom"},"image":{"@id":"https:\/\/pariswelcom.com\/#\/schema\/logo\/image\/"},"sameAs":["https:\/\/www.facebook.com\/Paris-Welcom-Chic-Apartments-in-Paris-1701999280086959\/","https:\/\/www.instagram.com\/pariswelcom\/?hl=frM"]}]}},"_links":{"self":[{"href":"https:\/\/pariswelcom.com\/de\/wp-json\/wp\/v2\/pages\/3677","targetHints":{"allow":["GET"]}}],"collection":[{"href":"https:\/\/pariswelcom.com\/de\/wp-json\/wp\/v2\/pages"}],"about":[{"href":"https:\/\/pariswelcom.com\/de\/wp-json\/wp\/v2\/types\/page"}],"author":[{"embeddable":true,"href":"https:\/\/pariswelcom.com\/de\/wp-json\/wp\/v2\/users\/1"}],"replies":[{"embeddable":true,"href":"https:\/\/pariswelcom.com\/de\/wp-json\/wp\/v2\/comments?post=3677"}],"version-history":[{"count":2,"href":"https:\/\/pariswelcom.com\/de\/wp-json\/wp\/v2\/pages\/3677\/revisions"}],"predecessor-version":[{"id":3819,"href":"https:\/\/pariswelcom.com\/de\/wp-json\/wp\/v2\/pages\/3677\/revisions\/3819"}],"wp:attachment":[{"href":"https:\/\/pariswelcom.com\/de\/wp-json\/wp\/v2\/media?parent=3677"}],"curies":[{"name":"wp","href":"https:\/\/api.w.org\/{rel}","templated":true}]}}