{"id":3661,"date":"2019-11-07T12:54:00","date_gmt":"2019-11-07T11:54:00","guid":{"rendered":"https:\/\/pariswelcom.com\/guest\/"},"modified":"2022-07-28T10:08:03","modified_gmt":"2022-07-28T08:08:03","slug":"guest","status":"publish","type":"page","link":"https:\/\/pariswelcom.com\/de\/guest\/","title":{"rendered":"Guests"},"content":{"rendered":"\t\t<div data-elementor-type=\"wp-page\" data-elementor-id=\"3661\" class=\"elementor elementor-3661 elementor-1846\">\n\t\t\t\t\t\t<section class=\"elementor-section elementor-top-section elementor-element elementor-element-14f9089 elementor-section-boxed elementor-section-height-default elementor-section-height-default\" data-id=\"14f9089\" data-element_type=\"section\">\n\t\t\t\t\t\t<div class=\"elementor-container elementor-column-gap-default\">\n\t\t\t\t\t<div class=\"elementor-column elementor-col-100 elementor-top-column elementor-element elementor-element-ad00567\" data-id=\"ad00567\" data-element_type=\"column\">\n\t\t\t<div class=\"elementor-widget-wrap elementor-element-populated\">\n\t\t\t\t\t\t<div class=\"elementor-element elementor-element-3bc7ae3 elementor-widget elementor-widget-spacer\" data-id=\"3bc7ae3\" data-element_type=\"widget\" data-widget_type=\"spacer.default\">\n\t\t\t\t<div class=\"elementor-widget-container\">\n\t\t\t\t\t\t\t<div class=\"elementor-spacer\">\n\t\t\t<div class=\"elementor-spacer-inner\"><\/div>\n\t\t<\/div>\n\t\t\t\t\t\t<\/div>\n\t\t\t\t<\/div>\n\t\t\t\t\t<\/div>\n\t\t<\/div>\n\t\t\t\t\t<\/div>\n\t\t<\/section>\n\t\t\t\t<section class=\"elementor-section elementor-top-section elementor-element elementor-element-2b5b134 elementor-section-boxed elementor-section-height-default elementor-section-height-default\" data-id=\"2b5b134\" data-element_type=\"section\">\n\t\t\t\t\t\t<div class=\"elementor-container elementor-column-gap-default\">\n\t\t\t\t\t<div class=\"elementor-column elementor-col-100 elementor-top-column elementor-element elementor-element-72c26dd\" data-id=\"72c26dd\" data-element_type=\"column\">\n\t\t\t<div class=\"elementor-widget-wrap elementor-element-populated\">\n\t\t\t\t\t\t<div class=\"elementor-element elementor-element-237204f elementor-widget elementor-widget-spacer\" data-id=\"237204f\" data-element_type=\"widget\" data-widget_type=\"spacer.default\">\n\t\t\t\t<div class=\"elementor-widget-container\">\n\t\t\t\t\t\t\t<div class=\"elementor-spacer\">\n\t\t\t<div class=\"elementor-spacer-inner\"><\/div>\n\t\t<\/div>\n\t\t\t\t\t\t<\/div>\n\t\t\t\t<\/div>\n\t\t\t\t<section class=\"elementor-section elementor-inner-section elementor-element elementor-element-5a511fb elementor-section-boxed elementor-section-height-default elementor-section-height-default\" data-id=\"5a511fb\" data-element_type=\"section\">\n\t\t\t\t\t\t<div class=\"elementor-container elementor-column-gap-default\">\n\t\t\t\t\t<div class=\"elementor-column elementor-col-33 elementor-inner-column elementor-element elementor-element-428d2b2\" data-id=\"428d2b2\" data-element_type=\"column\">\n\t\t\t<div class=\"elementor-widget-wrap elementor-element-populated\">\n\t\t\t\t\t\t<div class=\"elementor-element elementor-element-2ab7b0e elementor-widget elementor-widget-image\" data-id=\"2ab7b0e\" data-element_type=\"widget\" data-widget_type=\"image.default\">\n\t\t\t\t<div class=\"elementor-widget-container\">\n\t\t\t\t\t\t\t\t\t\t\t\t\t\t\t<img fetchpriority=\"high\" decoding=\"async\" width=\"550\" height=\"425\" src=\"https:\/\/pariswelcom.com\/wp-content\/uploads\/2018\/12\/20-MICHODIERE-R1-A-01-copie.jpg\" class=\"attachment-large size-large wp-image-3617\" alt=\"\" srcset=\"https:\/\/pariswelcom.com\/wp-content\/uploads\/2018\/12\/20-MICHODIERE-R1-A-01-copie.jpg 550w, https:\/\/pariswelcom.com\/wp-content\/uploads\/2018\/12\/20-MICHODIERE-R1-A-01-copie-300x232.jpg 300w, https:\/\/pariswelcom.com\/wp-content\/uploads\/2018\/12\/20-MICHODIERE-R1-A-01-copie-65x50.jpg 65w, https:\/\/pariswelcom.com\/wp-content\/uploads\/2018\/12\/20-MICHODIERE-R1-A-01-copie-104x80.jpg 104w, https:\/\/pariswelcom.com\/wp-content\/uploads\/2018\/12\/20-MICHODIERE-R1-A-01-copie-394x303.jpg 394w, https:\/\/pariswelcom.com\/wp-content\/uploads\/2018\/12\/20-MICHODIERE-R1-A-01-copie-392x303.jpg 392w\" sizes=\"(max-width: 550px) 100vw, 550px\" \/>\t\t\t\t\t\t\t\t\t\t\t\t\t\t\t<\/div>\n\t\t\t\t<\/div>\n\t\t\t\t<div class=\"elementor-element elementor-element-671d8a6 elementor-widget elementor-widget-text-editor\" data-id=\"671d8a6\" data-element_type=\"widget\" data-widget_type=\"text-editor.default\">\n\t\t\t\t<div class=\"elementor-widget-container\">\n\t\t\t\t\t\t\t\t\t<a href=\"https:\/\/pariswelcom.com\/en\/guestvendomeopera\/\">Appartement Vend\u00f4me Op\u00e9ra<\/a>\t\t\t\t\t\t\t\t<\/div>\n\t\t\t\t<\/div>\n\t\t\t\t\t<\/div>\n\t\t<\/div>\n\t\t\t\t<div class=\"elementor-column elementor-col-33 elementor-inner-column elementor-element elementor-element-5db1868\" data-id=\"5db1868\" data-element_type=\"column\">\n\t\t\t<div class=\"elementor-widget-wrap elementor-element-populated\">\n\t\t\t\t\t\t<div class=\"elementor-element elementor-element-364f4f3 elementor-widget elementor-widget-image\" data-id=\"364f4f3\" data-element_type=\"widget\" data-widget_type=\"image.default\">\n\t\t\t\t<div class=\"elementor-widget-container\">\n\t\t\t\t\t\t\t\t\t\t\t\t\t\t\t<img decoding=\"async\" width=\"550\" height=\"425\" src=\"https:\/\/pariswelcom.com\/wp-content\/uploads\/2019\/11\/20-MICHODIERE-R1-B-01-copie.jpg\" class=\"attachment-large size-large wp-image-1254\" alt=\"\" srcset=\"https:\/\/pariswelcom.com\/wp-content\/uploads\/2019\/11\/20-MICHODIERE-R1-B-01-copie.jpg 550w, https:\/\/pariswelcom.com\/wp-content\/uploads\/2019\/11\/20-MICHODIERE-R1-B-01-copie-300x232.jpg 300w, https:\/\/pariswelcom.com\/wp-content\/uploads\/2019\/11\/20-MICHODIERE-R1-B-01-copie-65x50.jpg 65w, https:\/\/pariswelcom.com\/wp-content\/uploads\/2019\/11\/20-MICHODIERE-R1-B-01-copie-104x80.jpg 104w, https:\/\/pariswelcom.com\/wp-content\/uploads\/2019\/11\/20-MICHODIERE-R1-B-01-copie-394x303.jpg 394w, https:\/\/pariswelcom.com\/wp-content\/uploads\/2019\/11\/20-MICHODIERE-R1-B-01-copie-392x303.jpg 392w\" sizes=\"(max-width: 550px) 100vw, 550px\" \/>\t\t\t\t\t\t\t\t\t\t\t\t\t\t\t<\/div>\n\t\t\t\t<\/div>\n\t\t\t\t<div class=\"elementor-element elementor-element-24d5000 elementor-widget elementor-widget-text-editor\" data-id=\"24d5000\" data-element_type=\"widget\" data-widget_type=\"text-editor.default\">\n\t\t\t\t<div class=\"elementor-widget-container\">\n\t\t\t\t\t\t\t\t\t<a href=\"https:\/\/pariswelcom.com\/en\/guestmadeleineopera\/\">Suite Madeleine Op\u00e9ra<\/a>\t\t\t\t\t\t\t\t<\/div>\n\t\t\t\t<\/div>\n\t\t\t\t\t<\/div>\n\t\t<\/div>\n\t\t\t\t<div class=\"elementor-column elementor-col-33 elementor-inner-column elementor-element elementor-element-9692c8d\" data-id=\"9692c8d\" data-element_type=\"column\">\n\t\t\t<div class=\"elementor-widget-wrap elementor-element-populated\">\n\t\t\t\t\t\t<div class=\"elementor-element elementor-element-32f58b3 elementor-widget elementor-widget-image\" data-id=\"32f58b3\" data-element_type=\"widget\" data-widget_type=\"image.default\">\n\t\t\t\t<div class=\"elementor-widget-container\">\n\t\t\t\t\t\t\t\t\t\t\t\t\t\t\t<img decoding=\"async\" width=\"367\" height=\"282\" src=\"https:\/\/pariswelcom.com\/wp-content\/uploads\/2020\/04\/loft-Montmartre.jpg\" class=\"attachment-large size-large wp-image-3162\" alt=\"\" srcset=\"https:\/\/pariswelcom.com\/wp-content\/uploads\/2020\/04\/loft-Montmartre.jpg 367w, https:\/\/pariswelcom.com\/wp-content\/uploads\/2020\/04\/loft-Montmartre-300x231.jpg 300w, https:\/\/pariswelcom.com\/wp-content\/uploads\/2020\/04\/loft-Montmartre-65x50.jpg 65w, https:\/\/pariswelcom.com\/wp-content\/uploads\/2020\/04\/loft-Montmartre-104x80.jpg 104w\" sizes=\"(max-width: 367px) 100vw, 367px\" \/>\t\t\t\t\t\t\t\t\t\t\t\t\t\t\t<\/div>\n\t\t\t\t<\/div>\n\t\t\t\t<div class=\"elementor-element elementor-element-54af63a elementor-widget elementor-widget-text-editor\" data-id=\"54af63a\" data-element_type=\"widget\" data-widget_type=\"text-editor.default\">\n\t\t\t\t<div class=\"elementor-widget-container\">\n\t\t\t\t\t\t\t\t\t<a href=\"https:\/\/pariswelcom.com\/en\/guestloftmontmartre\/\">Loft Montmartre<\/a>\t\t\t\t\t\t\t\t<\/div>\n\t\t\t\t<\/div>\n\t\t\t\t\t<\/div>\n\t\t<\/div>\n\t\t\t\t\t<\/div>\n\t\t<\/section>\n\t\t\t\t\t<\/div>\n\t\t<\/div>\n\t\t\t\t\t<\/div>\n\t\t<\/section>\n\t\t\t\t<section class=\"elementor-section elementor-top-section elementor-element elementor-element-7c59995 elementor-section-boxed elementor-section-height-default elementor-section-height-default\" data-id=\"7c59995\" data-element_type=\"section\">\n\t\t\t\t\t\t<div class=\"elementor-container elementor-column-gap-default\">\n\t\t\t\t\t<div class=\"elementor-column elementor-col-100 elementor-top-column elementor-element elementor-element-d76dabf\" data-id=\"d76dabf\" data-element_type=\"column\">\n\t\t\t<div class=\"elementor-widget-wrap elementor-element-populated\">\n\t\t\t\t\t\t<div class=\"elementor-element elementor-element-c817c6c elementor-widget elementor-widget-spacer\" data-id=\"c817c6c\" data-element_type=\"widget\" data-widget_type=\"spacer.default\">\n\t\t\t\t<div class=\"elementor-widget-container\">\n\t\t\t\t\t\t\t<div class=\"elementor-spacer\">\n\t\t\t<div class=\"elementor-spacer-inner\"><\/div>\n\t\t<\/div>\n\t\t\t\t\t\t<\/div>\n\t\t\t\t<\/div>\n\t\t\t\t<section class=\"elementor-section elementor-inner-section elementor-element elementor-element-d14d899 elementor-section-boxed elementor-section-height-default elementor-section-height-default\" data-id=\"d14d899\" data-element_type=\"section\">\n\t\t\t\t\t\t<div class=\"elementor-container elementor-column-gap-default\">\n\t\t\t\t\t<div class=\"elementor-column elementor-col-33 elementor-inner-column elementor-element elementor-element-7a3208c\" data-id=\"7a3208c\" data-element_type=\"column\">\n\t\t\t<div class=\"elementor-widget-wrap elementor-element-populated\">\n\t\t\t\t\t\t<div class=\"elementor-element elementor-element-44b4888 elementor-widget elementor-widget-image\" data-id=\"44b4888\" data-element_type=\"widget\" data-widget_type=\"image.default\">\n\t\t\t\t<div class=\"elementor-widget-container\">\n\t\t\t\t\t\t\t\t\t\t\t\t\t\t\t<img loading=\"lazy\" decoding=\"async\" width=\"550\" height=\"425\" src=\"https:\/\/pariswelcom.com\/wp-content\/uploads\/2019\/11\/image2-copie.jpg\" class=\"attachment-large size-large wp-image-1303\" alt=\"\" srcset=\"https:\/\/pariswelcom.com\/wp-content\/uploads\/2019\/11\/image2-copie.jpg 550w, https:\/\/pariswelcom.com\/wp-content\/uploads\/2019\/11\/image2-copie-300x232.jpg 300w, https:\/\/pariswelcom.com\/wp-content\/uploads\/2019\/11\/image2-copie-65x50.jpg 65w, https:\/\/pariswelcom.com\/wp-content\/uploads\/2019\/11\/image2-copie-104x80.jpg 104w, https:\/\/pariswelcom.com\/wp-content\/uploads\/2019\/11\/image2-copie-394x303.jpg 394w, https:\/\/pariswelcom.com\/wp-content\/uploads\/2019\/11\/image2-copie-392x303.jpg 392w\" sizes=\"(max-width: 550px) 100vw, 550px\" \/>\t\t\t\t\t\t\t\t\t\t\t\t\t\t\t<\/div>\n\t\t\t\t<\/div>\n\t\t\t\t<div class=\"elementor-element elementor-element-39001c2 elementor-widget elementor-widget-text-editor\" data-id=\"39001c2\" data-element_type=\"widget\" data-widget_type=\"text-editor.default\">\n\t\t\t\t<div class=\"elementor-widget-container\">\n\t\t\t\t\t\t\t\t\t<a href=\"https:\/\/pariswelcom.com\/en\/guestsuitemontmartre\/\">Suite de Luxe Montmartre<\/a>\t\t\t\t\t\t\t\t<\/div>\n\t\t\t\t<\/div>\n\t\t\t\t\t<\/div>\n\t\t<\/div>\n\t\t\t\t<div class=\"elementor-column elementor-col-33 elementor-inner-column elementor-element elementor-element-5a1ee40\" data-id=\"5a1ee40\" data-element_type=\"column\">\n\t\t\t<div class=\"elementor-widget-wrap elementor-element-populated\">\n\t\t\t\t\t\t<div class=\"elementor-element elementor-element-be8b8ad elementor-widget elementor-widget-image\" data-id=\"be8b8ad\" data-element_type=\"widget\" data-widget_type=\"image.default\">\n\t\t\t\t<div class=\"elementor-widget-container\">\n\t\t\t\t\t\t\t\t\t\t\t\t\t\t\t<img loading=\"lazy\" decoding=\"async\" width=\"367\" height=\"283\" src=\"https:\/\/pariswelcom.com\/wp-content\/uploads\/2020\/04\/Studio-Queen-size-de-Luxe-Montmartre.jpg\" class=\"attachment-large size-large wp-image-3165\" alt=\"\" srcset=\"https:\/\/pariswelcom.com\/wp-content\/uploads\/2020\/04\/Studio-Queen-size-de-Luxe-Montmartre.jpg 367w, https:\/\/pariswelcom.com\/wp-content\/uploads\/2020\/04\/Studio-Queen-size-de-Luxe-Montmartre-300x231.jpg 300w, https:\/\/pariswelcom.com\/wp-content\/uploads\/2020\/04\/Studio-Queen-size-de-Luxe-Montmartre-65x50.jpg 65w, https:\/\/pariswelcom.com\/wp-content\/uploads\/2020\/04\/Studio-Queen-size-de-Luxe-Montmartre-104x80.jpg 104w\" sizes=\"(max-width: 367px) 100vw, 367px\" \/>\t\t\t\t\t\t\t\t\t\t\t\t\t\t\t<\/div>\n\t\t\t\t<\/div>\n\t\t\t\t<div class=\"elementor-element elementor-element-5634009 elementor-widget elementor-widget-text-editor\" data-id=\"5634009\" data-element_type=\"widget\" data-widget_type=\"text-editor.default\">\n\t\t\t\t<div class=\"elementor-widget-container\">\n\t\t\t\t\t\t\t\t\t<a href=\"https:\/\/pariswelcom.com\/en\/gueststudiomontmartre\/\">Studio Queen-Size de Luxe Montmartre<\/a>\t\t\t\t\t\t\t\t<\/div>\n\t\t\t\t<\/div>\n\t\t\t\t\t<\/div>\n\t\t<\/div>\n\t\t\t\t<div class=\"elementor-column elementor-col-33 elementor-inner-column elementor-element elementor-element-82393f2\" data-id=\"82393f2\" data-element_type=\"column\">\n\t\t\t<div class=\"elementor-widget-wrap elementor-element-populated\">\n\t\t\t\t\t\t<div class=\"elementor-element elementor-element-8dd2c40 elementor-widget elementor-widget-image\" data-id=\"8dd2c40\" data-element_type=\"widget\" data-widget_type=\"image.default\">\n\t\t\t\t<div class=\"elementor-widget-container\">\n\t\t\t\t\t\t\t\t\t\t\t\t\t\t\t<img loading=\"lazy\" decoding=\"async\" width=\"365\" height=\"282\" src=\"https:\/\/pariswelcom.com\/wp-content\/uploads\/2020\/04\/appartement-Monceau.jpg\" class=\"attachment-large size-large wp-image-3168\" alt=\"\" srcset=\"https:\/\/pariswelcom.com\/wp-content\/uploads\/2020\/04\/appartement-Monceau.jpg 365w, https:\/\/pariswelcom.com\/wp-content\/uploads\/2020\/04\/appartement-Monceau-300x232.jpg 300w, https:\/\/pariswelcom.com\/wp-content\/uploads\/2020\/04\/appartement-Monceau-65x50.jpg 65w, https:\/\/pariswelcom.com\/wp-content\/uploads\/2020\/04\/appartement-Monceau-104x80.jpg 104w\" sizes=\"(max-width: 365px) 100vw, 365px\" \/>\t\t\t\t\t\t\t\t\t\t\t\t\t\t\t<\/div>\n\t\t\t\t<\/div>\n\t\t\t\t<div class=\"elementor-element elementor-element-959e5b5 elementor-widget elementor-widget-text-editor\" data-id=\"959e5b5\" data-element_type=\"widget\" data-widget_type=\"text-editor.default\">\n\t\t\t\t<div class=\"elementor-widget-container\">\n\t\t\t\t\t\t\t\t\t<a href=\"https:\/\/pariswelcom.com\/en\/guestmonceau\/\">Appartement Monceau<\/a>\t\t\t\t\t\t\t\t<\/div>\n\t\t\t\t<\/div>\n\t\t\t\t\t<\/div>\n\t\t<\/div>\n\t\t\t\t\t<\/div>\n\t\t<\/section>\n\t\t\t\t\t<\/div>\n\t\t<\/div>\n\t\t\t\t\t<\/div>\n\t\t<\/section>\n\t\t\t\t<\/div>\n\t\t","protected":false},"excerpt":{"rendered":"<p>Appartement Vend\u00f4me Op\u00e9ra Suite Madeleine Op\u00e9ra Loft Montmartre Suite de Luxe Montmartre Studio Queen-Size de Luxe Montmartre Appartement Monceau<\/p>\n","protected":false},"author":1,"featured_media":0,"parent":0,"menu_order":0,"comment_status":"closed","ping_status":"closed","template":"","meta":{"footnotes":""},"class_list":["post-3661","page","type-page","status-publish","hentry"],"yoast_head":"<!-- This site is optimized with the Yoast SEO plugin v26.8 - https:\/\/yoast.com\/product\/yoast-seo-wordpress\/ -->\n<title>Guests - Paris Welcom<\/title>\n<meta name=\"robots\" content=\"index, follow, max-snippet:-1, max-image-preview:large, max-video-preview:-1\" \/>\n<link rel=\"canonical\" href=\"https:\/\/pariswelcom.com\/guest\/\" \/>\n<meta property=\"og:locale\" content=\"de_DE\" \/>\n<meta property=\"og:type\" content=\"article\" \/>\n<meta property=\"og:title\" content=\"Guests - Paris Welcom\" \/>\n<meta property=\"og:description\" content=\"Appartement Vend\u00f4me Op\u00e9ra Suite Madeleine Op\u00e9ra Loft Montmartre Suite de Luxe Montmartre Studio Queen-Size de Luxe Montmartre Appartement Monceau\" \/>\n<meta property=\"og:url\" content=\"https:\/\/pariswelcom.com\/guest\/\" \/>\n<meta property=\"og:site_name\" content=\"Paris Welcom\" \/>\n<meta property=\"article:publisher\" content=\"https:\/\/www.facebook.com\/Paris-Welcom-Chic-Apartments-in-Paris-1701999280086959\/\" \/>\n<meta property=\"article:modified_time\" content=\"2022-07-28T08:08:03+00:00\" \/>\n<meta property=\"og:image\" content=\"https:\/\/pariswelcom.com\/wp-content\/uploads\/2018\/12\/20-MICHODIERE-R1-A-01-copie.jpg\" \/>\n<meta name=\"twitter:card\" content=\"summary_large_image\" \/>\n<script type=\"application\/ld+json\" class=\"yoast-schema-graph\">{\"@context\":\"https:\/\/schema.org\",\"@graph\":[{\"@type\":\"WebPage\",\"@id\":\"https:\/\/pariswelcom.com\/guest\/\",\"url\":\"https:\/\/pariswelcom.com\/guest\/\",\"name\":\"Guests - Paris Welcom\",\"isPartOf\":{\"@id\":\"https:\/\/pariswelcom.com\/#website\"},\"primaryImageOfPage\":{\"@id\":\"https:\/\/pariswelcom.com\/guest\/#primaryimage\"},\"image\":{\"@id\":\"https:\/\/pariswelcom.com\/guest\/#primaryimage\"},\"thumbnailUrl\":\"https:\/\/pariswelcom.com\/wp-content\/uploads\/2018\/12\/20-MICHODIERE-R1-A-01-copie.jpg\",\"datePublished\":\"2019-11-07T11:54:00+00:00\",\"dateModified\":\"2022-07-28T08:08:03+00:00\",\"breadcrumb\":{\"@id\":\"https:\/\/pariswelcom.com\/guest\/#breadcrumb\"},\"inLanguage\":\"de\",\"potentialAction\":[{\"@type\":\"ReadAction\",\"target\":[\"https:\/\/pariswelcom.com\/guest\/\"]}]},{\"@type\":\"ImageObject\",\"inLanguage\":\"de\",\"@id\":\"https:\/\/pariswelcom.com\/guest\/#primaryimage\",\"url\":\"https:\/\/pariswelcom.com\/wp-content\/uploads\/2018\/12\/20-MICHODIERE-R1-A-01-copie.jpg\",\"contentUrl\":\"https:\/\/pariswelcom.com\/wp-content\/uploads\/2018\/12\/20-MICHODIERE-R1-A-01-copie.jpg\"},{\"@type\":\"BreadcrumbList\",\"@id\":\"https:\/\/pariswelcom.com\/guest\/#breadcrumb\",\"itemListElement\":[{\"@type\":\"ListItem\",\"position\":1,\"name\":\"Accueil\",\"item\":\"https:\/\/pariswelcom.com\/\"},{\"@type\":\"ListItem\",\"position\":2,\"name\":\"Guests\"}]},{\"@type\":\"WebSite\",\"@id\":\"https:\/\/pariswelcom.com\/#website\",\"url\":\"https:\/\/pariswelcom.com\/\",\"name\":\"Paris Welcom\",\"description\":\"Chic Apartments in Paris\",\"publisher\":{\"@id\":\"https:\/\/pariswelcom.com\/#organization\"},\"potentialAction\":[{\"@type\":\"SearchAction\",\"target\":{\"@type\":\"EntryPoint\",\"urlTemplate\":\"https:\/\/pariswelcom.com\/?s={search_term_string}\"},\"query-input\":{\"@type\":\"PropertyValueSpecification\",\"valueRequired\":true,\"valueName\":\"search_term_string\"}}],\"inLanguage\":\"de\"},{\"@type\":\"Organization\",\"@id\":\"https:\/\/pariswelcom.com\/#organization\",\"name\":\"Paris Welcom\",\"url\":\"https:\/\/pariswelcom.com\/\",\"logo\":{\"@type\":\"ImageObject\",\"inLanguage\":\"de\",\"@id\":\"https:\/\/pariswelcom.com\/#\/schema\/logo\/image\/\",\"url\":\"https:\/\/pariswelcom.com\/wp-content\/uploads\/2020\/03\/cropped-pariswelcom-logo.png\",\"contentUrl\":\"https:\/\/pariswelcom.com\/wp-content\/uploads\/2020\/03\/cropped-pariswelcom-logo.png\",\"width\":512,\"height\":512,\"caption\":\"Paris Welcom\"},\"image\":{\"@id\":\"https:\/\/pariswelcom.com\/#\/schema\/logo\/image\/\"},\"sameAs\":[\"https:\/\/www.facebook.com\/Paris-Welcom-Chic-Apartments-in-Paris-1701999280086959\/\",\"https:\/\/www.instagram.com\/pariswelcom\/?hl=frM\"]}]}<\/script>\n<!-- \/ Yoast SEO plugin. -->","yoast_head_json":{"title":"Guests - Paris Welcom","robots":{"index":"index","follow":"follow","max-snippet":"max-snippet:-1","max-image-preview":"max-image-preview:large","max-video-preview":"max-video-preview:-1"},"canonical":"https:\/\/pariswelcom.com\/guest\/","og_locale":"de_DE","og_type":"article","og_title":"Guests - Paris Welcom","og_description":"Appartement Vend\u00f4me Op\u00e9ra Suite Madeleine Op\u00e9ra Loft Montmartre Suite de Luxe Montmartre Studio Queen-Size de Luxe Montmartre Appartement Monceau","og_url":"https:\/\/pariswelcom.com\/guest\/","og_site_name":"Paris Welcom","article_publisher":"https:\/\/www.facebook.com\/Paris-Welcom-Chic-Apartments-in-Paris-1701999280086959\/","article_modified_time":"2022-07-28T08:08:03+00:00","og_image":[{"url":"https:\/\/pariswelcom.com\/wp-content\/uploads\/2018\/12\/20-MICHODIERE-R1-A-01-copie.jpg","type":"","width":"","height":""}],"twitter_card":"summary_large_image","schema":{"@context":"https:\/\/schema.org","@graph":[{"@type":"WebPage","@id":"https:\/\/pariswelcom.com\/guest\/","url":"https:\/\/pariswelcom.com\/guest\/","name":"Guests - Paris Welcom","isPartOf":{"@id":"https:\/\/pariswelcom.com\/#website"},"primaryImageOfPage":{"@id":"https:\/\/pariswelcom.com\/guest\/#primaryimage"},"image":{"@id":"https:\/\/pariswelcom.com\/guest\/#primaryimage"},"thumbnailUrl":"https:\/\/pariswelcom.com\/wp-content\/uploads\/2018\/12\/20-MICHODIERE-R1-A-01-copie.jpg","datePublished":"2019-11-07T11:54:00+00:00","dateModified":"2022-07-28T08:08:03+00:00","breadcrumb":{"@id":"https:\/\/pariswelcom.com\/guest\/#breadcrumb"},"inLanguage":"de","potentialAction":[{"@type":"ReadAction","target":["https:\/\/pariswelcom.com\/guest\/"]}]},{"@type":"ImageObject","inLanguage":"de","@id":"https:\/\/pariswelcom.com\/guest\/#primaryimage","url":"https:\/\/pariswelcom.com\/wp-content\/uploads\/2018\/12\/20-MICHODIERE-R1-A-01-copie.jpg","contentUrl":"https:\/\/pariswelcom.com\/wp-content\/uploads\/2018\/12\/20-MICHODIERE-R1-A-01-copie.jpg"},{"@type":"BreadcrumbList","@id":"https:\/\/pariswelcom.com\/guest\/#breadcrumb","itemListElement":[{"@type":"ListItem","position":1,"name":"Accueil","item":"https:\/\/pariswelcom.com\/"},{"@type":"ListItem","position":2,"name":"Guests"}]},{"@type":"WebSite","@id":"https:\/\/pariswelcom.com\/#website","url":"https:\/\/pariswelcom.com\/","name":"Paris Welcom","description":"Chic Apartments in Paris","publisher":{"@id":"https:\/\/pariswelcom.com\/#organization"},"potentialAction":[{"@type":"SearchAction","target":{"@type":"EntryPoint","urlTemplate":"https:\/\/pariswelcom.com\/?s={search_term_string}"},"query-input":{"@type":"PropertyValueSpecification","valueRequired":true,"valueName":"search_term_string"}}],"inLanguage":"de"},{"@type":"Organization","@id":"https:\/\/pariswelcom.com\/#organization","name":"Paris Welcom","url":"https:\/\/pariswelcom.com\/","logo":{"@type":"ImageObject","inLanguage":"de","@id":"https:\/\/pariswelcom.com\/#\/schema\/logo\/image\/","url":"https:\/\/pariswelcom.com\/wp-content\/uploads\/2020\/03\/cropped-pariswelcom-logo.png","contentUrl":"https:\/\/pariswelcom.com\/wp-content\/uploads\/2020\/03\/cropped-pariswelcom-logo.png","width":512,"height":512,"caption":"Paris Welcom"},"image":{"@id":"https:\/\/pariswelcom.com\/#\/schema\/logo\/image\/"},"sameAs":["https:\/\/www.facebook.com\/Paris-Welcom-Chic-Apartments-in-Paris-1701999280086959\/","https:\/\/www.instagram.com\/pariswelcom\/?hl=frM"]}]}},"_links":{"self":[{"href":"https:\/\/pariswelcom.com\/de\/wp-json\/wp\/v2\/pages\/3661","targetHints":{"allow":["GET"]}}],"collection":[{"href":"https:\/\/pariswelcom.com\/de\/wp-json\/wp\/v2\/pages"}],"about":[{"href":"https:\/\/pariswelcom.com\/de\/wp-json\/wp\/v2\/types\/page"}],"author":[{"embeddable":true,"href":"https:\/\/pariswelcom.com\/de\/wp-json\/wp\/v2\/users\/1"}],"replies":[{"embeddable":true,"href":"https:\/\/pariswelcom.com\/de\/wp-json\/wp\/v2\/comments?post=3661"}],"version-history":[{"count":11,"href":"https:\/\/pariswelcom.com\/de\/wp-json\/wp\/v2\/pages\/3661\/revisions"}],"predecessor-version":[{"id":3971,"href":"https:\/\/pariswelcom.com\/de\/wp-json\/wp\/v2\/pages\/3661\/revisions\/3971"}],"wp:attachment":[{"href":"https:\/\/pariswelcom.com\/de\/wp-json\/wp\/v2\/media?parent=3661"}],"curies":[{"name":"wp","href":"https:\/\/api.w.org\/{rel}","templated":true}]}}