{"id":3534,"date":"2020-09-24T22:09:41","date_gmt":"2020-09-24T20:09:41","guid":{"rendered":"https:\/\/pariswelcom.com\/?page_id=3534"},"modified":"2021-12-08T09:21:53","modified_gmt":"2021-12-08T08:21:53","slug":"kontakt","status":"publish","type":"page","link":"https:\/\/pariswelcom.com\/de\/kontakt\/","title":{"rendered":"Kontakt"},"content":{"rendered":"\t\t<div data-elementor-type=\"wp-post\" data-elementor-id=\"3534\" class=\"elementor elementor-3534 elementor-1859\">\n\t\t\t\t\t\t<section class=\"elementor-section elementor-top-section elementor-element elementor-element-7c6ff5bb elementor-section-full_width elementor-section-height-min-height elementor-section-height-default elementor-section-items-middle\" data-id=\"7c6ff5bb\" data-element_type=\"section\" data-settings=\"{&quot;background_background&quot;:&quot;classic&quot;}\">\n\t\t\t\t\t\t\t<div class=\"elementor-background-overlay\"><\/div>\n\t\t\t\t\t\t\t<div class=\"elementor-container elementor-column-gap-default\">\n\t\t\t\t\t<div class=\"elementor-column elementor-col-100 elementor-top-column elementor-element elementor-element-91f9f2b\" data-id=\"91f9f2b\" data-element_type=\"column\">\n\t\t\t<div class=\"elementor-widget-wrap elementor-element-populated\">\n\t\t\t\t\t\t<div class=\"elementor-element elementor-element-32575fce elementor-widget elementor-widget-spacer\" data-id=\"32575fce\" data-element_type=\"widget\" data-widget_type=\"spacer.default\">\n\t\t\t\t<div class=\"elementor-widget-container\">\n\t\t\t\t\t\t\t<div class=\"elementor-spacer\">\n\t\t\t<div class=\"elementor-spacer-inner\"><\/div>\n\t\t<\/div>\n\t\t\t\t\t\t<\/div>\n\t\t\t\t<\/div>\n\t\t\t\t<div class=\"elementor-element elementor-element-b83b3ee elementor-view-default elementor-position-top elementor-invisible elementor-widget elementor-widget-themo-header\" data-id=\"b83b3ee\" data-element_type=\"widget\" data-settings=\"{&quot;_animation&quot;:&quot;fadeIn&quot;}\" data-widget_type=\"themo-header.default\">\n\t\t\t\t<div class=\"elementor-widget-container\">\n\t\t\t\t\t\t\t<div class=\"th-header-wrap\">\n        <div class=\"elementor-icon-box-wrapper \">\n                            <div class=\"elementor-icon-box-content\">\n                    <h1 class=\"elementor-icon-box-title\">\n                        KONTAKTIEREN SIE UNS                    <\/h1>\n                                        <p class=\"elementor-icon-box-description\"><\/p>\n\n                                    <\/div>\n            <\/div>\n\n        <\/div>\n\n\t\t\t\t\t\t<\/div>\n\t\t\t\t<\/div>\n\t\t\t\t\t<\/div>\n\t\t<\/div>\n\t\t\t\t\t<\/div>\n\t\t<\/section>\n\t\t\t\t<section class=\"elementor-section elementor-top-section elementor-element elementor-element-c4070c8 elementor-section-boxed elementor-section-height-default elementor-section-height-default\" data-id=\"c4070c8\" data-element_type=\"section\" data-settings=\"{&quot;background_background&quot;:&quot;classic&quot;}\">\n\t\t\t\t\t\t<div class=\"elementor-container elementor-column-gap-wider\">\n\t\t\t\t\t<div class=\"elementor-column elementor-col-100 elementor-top-column elementor-element elementor-element-f754ac1\" data-id=\"f754ac1\" data-element_type=\"column\">\n\t\t\t<div class=\"elementor-widget-wrap elementor-element-populated\">\n\t\t\t\t\t\t<div class=\"elementor-element elementor-element-403ba68 elementor-widget elementor-widget-spacer\" data-id=\"403ba68\" data-element_type=\"widget\" data-widget_type=\"spacer.default\">\n\t\t\t\t<div class=\"elementor-widget-container\">\n\t\t\t\t\t\t\t<div class=\"elementor-spacer\">\n\t\t\t<div class=\"elementor-spacer-inner\"><\/div>\n\t\t<\/div>\n\t\t\t\t\t\t<\/div>\n\t\t\t\t<\/div>\n\t\t\t\t\t<\/div>\n\t\t<\/div>\n\t\t\t\t\t<\/div>\n\t\t<\/section>\n\t\t\t\t<section class=\"elementor-section elementor-top-section elementor-element elementor-element-6840308 elementor-section-boxed elementor-section-height-default elementor-section-height-default\" data-id=\"6840308\" data-element_type=\"section\" data-settings=\"{&quot;background_background&quot;:&quot;classic&quot;}\">\n\t\t\t\t\t\t<div class=\"elementor-container elementor-column-gap-extended\">\n\t\t\t\t\t<div class=\"elementor-column elementor-col-50 elementor-top-column elementor-element elementor-element-86f5f73\" data-id=\"86f5f73\" data-element_type=\"column\">\n\t\t\t<div class=\"elementor-widget-wrap elementor-element-populated\">\n\t\t\t\t\t\t<div class=\"elementor-element elementor-element-32ec769 elementor-widget elementor-widget-spacer\" data-id=\"32ec769\" data-element_type=\"widget\" data-widget_type=\"spacer.default\">\n\t\t\t\t<div class=\"elementor-widget-container\">\n\t\t\t\t\t\t\t<div class=\"elementor-spacer\">\n\t\t\t<div class=\"elementor-spacer-inner\"><\/div>\n\t\t<\/div>\n\t\t\t\t\t\t<\/div>\n\t\t\t\t<\/div>\n\t\t\t\t<div class=\"elementor-element elementor-element-747a370 elementor-widget elementor-widget-themo-formidable-form\" data-id=\"747a370\" data-element_type=\"widget\" data-widget_type=\"themo-formidable-form.default\">\n\t\t\t\t<div class=\"elementor-widget-container\">\n\t\t\t\t\t            <div class=\"th-fo-form  th-form-stacked th-form-bg th-light-bg th-btn-form btn-standard-primary-form\"><div class=\"frm_forms  with_frm_style frm_style_formidable-style\" id=\"frm_form_12_container\" >\n<form enctype=\"multipart\/form-data\" method=\"post\" class=\"frm-show-form  frm_pro_form \" id=\"form_contact3d79b6c3909\" >\n<div class=\"frm_form_fields \">\n<fieldset>\n\r\n<div class=\"frm_fields_container\">\n<input type=\"hidden\" name=\"frm_action\" value=\"create\" \/>\n<input type=\"hidden\" name=\"form_id\" value=\"12\" \/>\n<input type=\"hidden\" name=\"frm_hide_fields_12\" id=\"frm_hide_fields_12\" value=\"\" \/>\n<input type=\"hidden\" name=\"form_key\" value=\"contact3d79b6c3909\" \/>\n<input type=\"hidden\" name=\"item_meta[0]\" value=\"\" \/>\n<input type=\"hidden\" id=\"frm_submit_entry_12\" name=\"frm_submit_entry_12\" value=\"c669356db7\" \/><input type=\"hidden\" name=\"_wp_http_referer\" value=\"\/de\/wp-json\/wp\/v2\/pages\/3534\" \/><div id=\"frm_field_63_container\" class=\"frm_form_field form-field  frm_required_field frm_none_container frm_full\">\r\n    <label for=\"field_xipbjr3ca85d6b820\" class=\"frm_primary_label\">Name\r\n        <span class=\"frm_required\">*<\/span>\r\n    <\/label>\r\n    <input  type=\"text\" id=\"field_xipbjr3ca85d6b820\" name=\"item_meta[63]\" value=\"\"  placeholder=\"Name\" data-reqmsg=\"Ce champ ne peut pas \u00eatre vide\" aria-required=\"true\" data-invmsg=\"Name est non valide\" aria-invalid=\"false\"   \/>\r\n    \r\n    \r\n<\/div>\n<div id=\"frm_field_64_container\" class=\"frm_form_field form-field  frm_required_field frm_none_container frm_full\">\r\n    <label for=\"field_jaehy8365a2a09e4a\" class=\"frm_primary_label\">E-mail\r\n        <span class=\"frm_required\">*<\/span>\r\n    <\/label>\r\n    <input  type=\"text\" id=\"field_jaehy8365a2a09e4a\" name=\"item_meta[64]\" value=\"\"  placeholder=\"E-mail\" data-reqmsg=\"Ce champ ne peut pas \u00eatre vide\" aria-required=\"true\" data-invmsg=\"Email est non valide\" aria-invalid=\"false\"   \/>\r\n    \r\n    \r\n<\/div>\n<div id=\"frm_field_65_container\" class=\"frm_form_field form-field  frm_none_container frm_full\">\r\n    <label for=\"field_cqpguu3d3c26c2db3\" class=\"frm_primary_label\">Telefon\r\n        <span class=\"frm_required\"><\/span>\r\n    <\/label>\r\n    <input  type=\"text\" id=\"field_cqpguu3d3c26c2db3\" name=\"item_meta[65]\" value=\"\"  placeholder=\"Telefon\" data-invmsg=\"Phone est non valide\" aria-invalid=\"false\"   \/>\r\n    \r\n    \r\n<\/div>\n<div id=\"frm_field_66_container\" class=\"frm_form_field form-field  frm_required_field frm_none_container frm_full\">\r\n    <label for=\"field_w7ueyk3ab37656047\" class=\"frm_primary_label\">Wohnung\r\n        <span class=\"frm_required\">*<\/span>\r\n    <\/label>\r\n    <input  type=\"text\" id=\"field_w7ueyk3ab37656047\" name=\"item_meta[66]\" value=\"\"  placeholder=\"Wohnung\" data-reqmsg=\"Ce champ ne peut pas \u00eatre vide\" aria-required=\"true\" data-invmsg=\"Subject est non valide\" aria-invalid=\"false\"   \/>\r\n    \r\n    \r\n<\/div>\n<div id=\"frm_field_67_container\" class=\"frm_form_field form-field  frm_required_field frm_none_container frm_full\">\r\n    <label for=\"field_kggkvh3db1c559062\" class=\"frm_primary_label\">Nachricht\r\n        <span class=\"frm_required\">*<\/span>\r\n    <\/label>\r\n    <textarea name=\"item_meta[67]\" id=\"field_kggkvh3db1c559062\" rows=\"5\"  placeholder=\"Nachricht\" data-reqmsg=\"Ce champ ne peut pas \u00eatre vide\" aria-required=\"true\" data-invmsg=\"Nachricht ist ung\u00fcltig\" aria-invalid=\"false\"  ><\/textarea>\r\n    \r\n    \r\n<\/div>\n<div id=\"frm_field_75_container\" class=\"frm_form_field form-field  frm_none_container\">\n    <label for=\"g-recaptcha-response\" id=\"field_5katr_label\" class=\"frm_primary_label\">CAPTCHA\n        <span class=\"frm_required\"><\/span>\n    <\/label>\n    <div  id=\"field_5katr\" class=\"frm-g-recaptcha\" data-sitekey=\"6LdQJS8iAAAAAM6-wlONf4pbaFKf-3Uujp5UaU1r\" data-size=\"invisible\" data-theme=\"light\"><\/div>\n    \n    \n<\/div>\n<div id=\"frm_field_99_container\" class=\"frm_form_field form-field \">\n\t<div class=\"frm_submit\">\r\n\r\n<input type=\"submit\" value=\"Senden\"  class=\"frm_final_submit\" \/>\r\n<img decoding=\"async\" class=\"frm_ajax_loading\" src=\"https:\/\/pariswelcom.com\/wp-content\/plugins\/formidable\/images\/ajax_loader.gif\" alt=\"Sending\" style=\"visibility:hidden;\" \/>\r\n\r\n<\/div>\n<\/div>\n\t<input type=\"hidden\" name=\"item_key\" value=\"\" \/>\n\t\t\t<div id=\"frm_field_104_container\">\n\t\t\t<label for=\"field_ecyi\" >\n\t\t\t\tFalls Du menschlich bist, lasse dieses Feld leer.\t\t\t<\/label>\n\t\t\t<input  id=\"field_ecyi\" type=\"text\" class=\"frm_form_field form-field frm_verify\" name=\"item_meta[104]\" value=\"\"  \/>\n\t\t<\/div>\n\t\t<input name=\"frm_state\" type=\"hidden\" value=\"\/a5Ujx2\/dDk8OnZUfDsMxxwDPdhM6QHYQLZPjs4P4rgqAu0WYC79upwXIEHtkDF+\" \/><\/div>\n<\/fieldset>\n<\/div>\n\n<\/form>\n<\/div>\n<\/div>\n            \t\t\t\t<\/div>\n\t\t\t\t<\/div>\n\t\t\t\t\t<\/div>\n\t\t<\/div>\n\t\t\t\t<div class=\"elementor-column elementor-col-50 elementor-top-column elementor-element elementor-element-05a5b82\" data-id=\"05a5b82\" data-element_type=\"column\">\n\t\t\t<div class=\"elementor-widget-wrap elementor-element-populated\">\n\t\t\t\t\t\t<div class=\"elementor-element elementor-element-55e594b elementor-widget elementor-widget-spacer\" data-id=\"55e594b\" data-element_type=\"widget\" data-widget_type=\"spacer.default\">\n\t\t\t\t<div class=\"elementor-widget-container\">\n\t\t\t\t\t\t\t<div class=\"elementor-spacer\">\n\t\t\t<div class=\"elementor-spacer-inner\"><\/div>\n\t\t<\/div>\n\t\t\t\t\t\t<\/div>\n\t\t\t\t<\/div>\n\t\t\t\t<div class=\"elementor-element elementor-element-f1b756f elementor-widget elementor-widget-menu-anchor\" data-id=\"f1b756f\" data-element_type=\"widget\" data-widget_type=\"menu-anchor.default\">\n\t\t\t\t<div class=\"elementor-widget-container\">\n\t\t\t\t\t\t\t<div class=\"elementor-menu-anchor\" id=\"faq\"><\/div>\n\t\t\t\t\t\t<\/div>\n\t\t\t\t<\/div>\n\t\t\t\t<div class=\"elementor-element elementor-element-dda58de elementor-view-default elementor-position-top elementor-widget elementor-widget-themo-header\" data-id=\"dda58de\" data-element_type=\"widget\" data-widget_type=\"themo-header.default\">\n\t\t\t\t<div class=\"elementor-widget-container\">\n\t\t\t\t\t\t\t<div class=\"th-header-wrap\">\n        <div class=\"elementor-icon-box-wrapper \">\n                            <div class=\"elementor-icon-box-content\">\n                    <h3 class=\"elementor-icon-box-title\">\n                        ANTWORTEN AUF H\u00c4UFIG GESTELLTE FRAGEN                    <\/h3>\n                                        <p class=\"elementor-icon-box-description\"><\/p>\n\n                                    <\/div>\n            <\/div>\n\n        <\/div>\n\n\t\t\t\t\t\t<\/div>\n\t\t\t\t<\/div>\n\t\t\t\t<div class=\"elementor-element elementor-element-129ac92 elementor-widget elementor-widget-spacer\" data-id=\"129ac92\" data-element_type=\"widget\" data-widget_type=\"spacer.default\">\n\t\t\t\t<div class=\"elementor-widget-container\">\n\t\t\t\t\t\t\t<div class=\"elementor-spacer\">\n\t\t\t<div class=\"elementor-spacer-inner\"><\/div>\n\t\t<\/div>\n\t\t\t\t\t\t<\/div>\n\t\t\t\t<\/div>\n\t\t\t\t<div class=\"elementor-element elementor-element-0247ab5 elementor-widget elementor-widget-themo-itinerary\" data-id=\"0247ab5\" data-element_type=\"widget\" data-widget_type=\"themo-itinerary.default\">\n\t\t\t\t<div class=\"elementor-widget-container\">\n\t\t\t\t\t\t\t<div class=\"th-itinerary th-itin-med th-itin-center\">\n\t\t\t\t\t\t\t\t\t\t<div class=\"th-itin-single th-itin-active\">\n\t\t\t\t\t<i class=\"th-itin-icon fa fa-circle-o\"><\/i>\n\t\t\t\t\t<div class=\"th-itin-title\">\n\t\t\t\t\t\t<span>Wie weit ist die Wohnung vom Louvre entfernt?<\/span>\n\t\t\t\t\t<\/div>\n\t\t\t\t\t<div class=\"th-itin-content\">\n\t\t\t\t\t\tDie Wohnung liegt sehr zentral. In 15 bequemen Gehminuten erreichen Sie den Louvre.\t\t\t\t\t<\/div>\n\t\t\t\t<\/div>\n\t\t\t\t\t\t\t<div class=\"th-itin-single th-itin-inactive\">\n\t\t\t\t\t<i class=\"th-itin-icon fa fa-circle-o\"><\/i>\n\t\t\t\t\t<div class=\"th-itin-title\">\n\t\t\t\t\t\t<span>Brauchen wir ein Auto?<\/span>\n\t\t\t\t\t<\/div>\n\t\t\t\t\t<div class=\"th-itin-content\">\n\t\t\t\t\t\tEs ist besser, sich in Paris ohne Auto zu bewegen &#8211; die \u00f6ffentlichen Transportmittel bef\u00f6rdern Sie \u00fcberall hin. Parkpl\u00e4tze sind in Paris selten und teuer. Ausserdem erschliesst sich Paris als Stadt sehr gut dem fleissigen Fussg\u00e4nger. Von der Quadratmeterzahl her ist es nicht sehr gross.\t\t\t\t\t<\/div>\n\t\t\t\t<\/div>\n\t\t\t\t\t\t\t<div class=\"th-itin-single th-itin-inactive\">\n\t\t\t\t\t<i class=\"th-itin-icon fa fa-circle-o\"><\/i>\n\t\t\t\t\t<div class=\"th-itin-title\">\n\t\t\t\t\t\t<span>Wie gelange ich vom Flughafen zur Wohnung?<\/span>\n\t\t\t\t\t<\/div>\n\t\t\t\t\t<div class=\"th-itin-content\">\n\t\t\t\t\t\tEs gibt viele verschiedene M\u00f6glichkeiten vom Taxi (Pauschalpreise), \u00fcber Uber, Roissybus, Le Bus Direct oder die S-Bahn (RER).\t\t\t\t\t<\/div>\n\t\t\t\t<\/div>\n\t\t\t\t\t<\/div>\n\t\t\t\t\t\t<\/div>\n\t\t\t\t<\/div>\n\t\t\t\t<div class=\"elementor-element elementor-element-e246fbf elementor-widget elementor-widget-spacer\" data-id=\"e246fbf\" data-element_type=\"widget\" data-widget_type=\"spacer.default\">\n\t\t\t\t<div class=\"elementor-widget-container\">\n\t\t\t\t\t\t\t<div class=\"elementor-spacer\">\n\t\t\t<div class=\"elementor-spacer-inner\"><\/div>\n\t\t<\/div>\n\t\t\t\t\t\t<\/div>\n\t\t\t\t<\/div>\n\t\t\t\t\t<\/div>\n\t\t<\/div>\n\t\t\t\t\t<\/div>\n\t\t<\/section>\n\t\t\t\t<section class=\"elementor-section elementor-top-section elementor-element elementor-element-3ec02e0 elementor-section-boxed elementor-section-height-default elementor-section-height-default\" data-id=\"3ec02e0\" data-element_type=\"section\" data-settings=\"{&quot;background_background&quot;:&quot;classic&quot;}\">\n\t\t\t\t\t\t<div class=\"elementor-container elementor-column-gap-default\">\n\t\t\t\t\t<div class=\"elementor-column elementor-col-100 elementor-top-column elementor-element elementor-element-522b228\" data-id=\"522b228\" data-element_type=\"column\">\n\t\t\t<div class=\"elementor-widget-wrap elementor-element-populated\">\n\t\t\t\t\t\t<div class=\"elementor-element elementor-element-f38f9ee elementor-widget elementor-widget-spacer\" data-id=\"f38f9ee\" data-element_type=\"widget\" data-widget_type=\"spacer.default\">\n\t\t\t\t<div class=\"elementor-widget-container\">\n\t\t\t\t\t\t\t<div class=\"elementor-spacer\">\n\t\t\t<div class=\"elementor-spacer-inner\"><\/div>\n\t\t<\/div>\n\t\t\t\t\t\t<\/div>\n\t\t\t\t<\/div>\n\t\t\t\t\t<\/div>\n\t\t<\/div>\n\t\t\t\t\t<\/div>\n\t\t<\/section>\n\t\t\t\t<\/div>\n\t\t","protected":false},"excerpt":{"rendered":"<p>KONTAKTIEREN SIE UNS Si vous \u00eates un humain, ne remplissez pas ce champ. Name * E-mail * Telefon Betrifft * Nachricht * ANTWORTEN AUF H\u00c4UFIG GESTELLTE FRAGEN Wie weit ist die Wohnung vom Louvre entfernt? Die Wohnung liegt sehr zentral. &hellip; <a href=\"https:\/\/pariswelcom.com\/de\/kontakt\/\">Weiterlesen<\/a><\/p>\n","protected":false},"author":1,"featured_media":0,"parent":0,"menu_order":9,"comment_status":"closed","ping_status":"closed","template":"","meta":{"footnotes":""},"class_list":["post-3534","page","type-page","status-publish","hentry"],"yoast_head":"<!-- This site is optimized with the Yoast SEO plugin v26.8 - https:\/\/yoast.com\/product\/yoast-seo-wordpress\/ -->\n<title>Kontakt - Paris Welcom<\/title>\n<meta name=\"robots\" content=\"index, follow, max-snippet:-1, max-image-preview:large, max-video-preview:-1\" \/>\n<link rel=\"canonical\" href=\"https:\/\/pariswelcom.com\/contactez-nous\/\" \/>\n<meta property=\"og:locale\" content=\"de_DE\" \/>\n<meta property=\"og:type\" content=\"article\" \/>\n<meta property=\"og:title\" content=\"Kontakt - Paris Welcom\" \/>\n<meta property=\"og:description\" content=\"KONTAKTIEREN SIE UNS Si vous \u00eates un humain, ne remplissez pas ce champ. Name * E-mail * Telefon Betrifft * Nachricht * ANTWORTEN AUF H\u00c4UFIG GESTELLTE FRAGEN Wie weit ist die Wohnung vom Louvre entfernt? Die Wohnung liegt sehr zentral. &hellip; Weiterlesen\" \/>\n<meta property=\"og:url\" content=\"https:\/\/pariswelcom.com\/contactez-nous\/\" \/>\n<meta property=\"og:site_name\" content=\"Paris Welcom\" \/>\n<meta property=\"article:publisher\" content=\"https:\/\/www.facebook.com\/Paris-Welcom-Chic-Apartments-in-Paris-1701999280086959\/\" \/>\n<meta property=\"article:modified_time\" content=\"2021-12-08T08:21:53+00:00\" \/>\n<meta property=\"og:image\" content=\"https:\/\/pariswelcom.com\/wp-content\/plugins\/formidable\/images\/ajax_loader.gif\" \/>\n<meta name=\"twitter:card\" content=\"summary_large_image\" \/>\n<meta name=\"twitter:label1\" content=\"Gesch\u00e4tzte Lesezeit\" \/>\n\t<meta name=\"twitter:data1\" content=\"1\u00a0Minute\" \/>\n<script type=\"application\/ld+json\" class=\"yoast-schema-graph\">{\"@context\":\"https:\/\/schema.org\",\"@graph\":[{\"@type\":\"WebPage\",\"@id\":\"https:\/\/pariswelcom.com\/contactez-nous\/\",\"url\":\"https:\/\/pariswelcom.com\/contactez-nous\/\",\"name\":\"Kontakt - Paris Welcom\",\"isPartOf\":{\"@id\":\"https:\/\/pariswelcom.com\/#website\"},\"primaryImageOfPage\":{\"@id\":\"https:\/\/pariswelcom.com\/contactez-nous\/#primaryimage\"},\"image\":{\"@id\":\"https:\/\/pariswelcom.com\/contactez-nous\/#primaryimage\"},\"thumbnailUrl\":\"https:\/\/pariswelcom.com\/wp-content\/plugins\/formidable\/images\/ajax_loader.gif\",\"datePublished\":\"2020-09-24T20:09:41+00:00\",\"dateModified\":\"2021-12-08T08:21:53+00:00\",\"breadcrumb\":{\"@id\":\"https:\/\/pariswelcom.com\/contactez-nous\/#breadcrumb\"},\"inLanguage\":\"de\",\"potentialAction\":[{\"@type\":\"ReadAction\",\"target\":[\"https:\/\/pariswelcom.com\/contactez-nous\/\"]}]},{\"@type\":\"ImageObject\",\"inLanguage\":\"de\",\"@id\":\"https:\/\/pariswelcom.com\/contactez-nous\/#primaryimage\",\"url\":\"https:\/\/pariswelcom.com\/wp-content\/plugins\/formidable\/images\/ajax_loader.gif\",\"contentUrl\":\"https:\/\/pariswelcom.com\/wp-content\/plugins\/formidable\/images\/ajax_loader.gif\"},{\"@type\":\"BreadcrumbList\",\"@id\":\"https:\/\/pariswelcom.com\/contactez-nous\/#breadcrumb\",\"itemListElement\":[{\"@type\":\"ListItem\",\"position\":1,\"name\":\"Accueil\",\"item\":\"https:\/\/pariswelcom.com\/\"},{\"@type\":\"ListItem\",\"position\":2,\"name\":\"Kontakt\"}]},{\"@type\":\"WebSite\",\"@id\":\"https:\/\/pariswelcom.com\/#website\",\"url\":\"https:\/\/pariswelcom.com\/\",\"name\":\"Paris Welcom\",\"description\":\"Chic Apartments in Paris\",\"publisher\":{\"@id\":\"https:\/\/pariswelcom.com\/#organization\"},\"potentialAction\":[{\"@type\":\"SearchAction\",\"target\":{\"@type\":\"EntryPoint\",\"urlTemplate\":\"https:\/\/pariswelcom.com\/?s={search_term_string}\"},\"query-input\":{\"@type\":\"PropertyValueSpecification\",\"valueRequired\":true,\"valueName\":\"search_term_string\"}}],\"inLanguage\":\"de\"},{\"@type\":\"Organization\",\"@id\":\"https:\/\/pariswelcom.com\/#organization\",\"name\":\"Paris Welcom\",\"url\":\"https:\/\/pariswelcom.com\/\",\"logo\":{\"@type\":\"ImageObject\",\"inLanguage\":\"de\",\"@id\":\"https:\/\/pariswelcom.com\/#\/schema\/logo\/image\/\",\"url\":\"https:\/\/pariswelcom.com\/wp-content\/uploads\/2020\/03\/cropped-pariswelcom-logo.png\",\"contentUrl\":\"https:\/\/pariswelcom.com\/wp-content\/uploads\/2020\/03\/cropped-pariswelcom-logo.png\",\"width\":512,\"height\":512,\"caption\":\"Paris Welcom\"},\"image\":{\"@id\":\"https:\/\/pariswelcom.com\/#\/schema\/logo\/image\/\"},\"sameAs\":[\"https:\/\/www.facebook.com\/Paris-Welcom-Chic-Apartments-in-Paris-1701999280086959\/\",\"https:\/\/www.instagram.com\/pariswelcom\/?hl=frM\"]}]}<\/script>\n<!-- \/ Yoast SEO plugin. -->","yoast_head_json":{"title":"Kontakt - Paris Welcom","robots":{"index":"index","follow":"follow","max-snippet":"max-snippet:-1","max-image-preview":"max-image-preview:large","max-video-preview":"max-video-preview:-1"},"canonical":"https:\/\/pariswelcom.com\/contactez-nous\/","og_locale":"de_DE","og_type":"article","og_title":"Kontakt - Paris Welcom","og_description":"KONTAKTIEREN SIE UNS Si vous \u00eates un humain, ne remplissez pas ce champ. Name * E-mail * Telefon Betrifft * Nachricht * ANTWORTEN AUF H\u00c4UFIG GESTELLTE FRAGEN Wie weit ist die Wohnung vom Louvre entfernt? Die Wohnung liegt sehr zentral. &hellip; Weiterlesen","og_url":"https:\/\/pariswelcom.com\/contactez-nous\/","og_site_name":"Paris Welcom","article_publisher":"https:\/\/www.facebook.com\/Paris-Welcom-Chic-Apartments-in-Paris-1701999280086959\/","article_modified_time":"2021-12-08T08:21:53+00:00","og_image":[{"url":"https:\/\/pariswelcom.com\/wp-content\/plugins\/formidable\/images\/ajax_loader.gif","type":"","width":"","height":""}],"twitter_card":"summary_large_image","twitter_misc":{"Gesch\u00e4tzte Lesezeit":"1\u00a0Minute"},"schema":{"@context":"https:\/\/schema.org","@graph":[{"@type":"WebPage","@id":"https:\/\/pariswelcom.com\/contactez-nous\/","url":"https:\/\/pariswelcom.com\/contactez-nous\/","name":"Kontakt - Paris Welcom","isPartOf":{"@id":"https:\/\/pariswelcom.com\/#website"},"primaryImageOfPage":{"@id":"https:\/\/pariswelcom.com\/contactez-nous\/#primaryimage"},"image":{"@id":"https:\/\/pariswelcom.com\/contactez-nous\/#primaryimage"},"thumbnailUrl":"https:\/\/pariswelcom.com\/wp-content\/plugins\/formidable\/images\/ajax_loader.gif","datePublished":"2020-09-24T20:09:41+00:00","dateModified":"2021-12-08T08:21:53+00:00","breadcrumb":{"@id":"https:\/\/pariswelcom.com\/contactez-nous\/#breadcrumb"},"inLanguage":"de","potentialAction":[{"@type":"ReadAction","target":["https:\/\/pariswelcom.com\/contactez-nous\/"]}]},{"@type":"ImageObject","inLanguage":"de","@id":"https:\/\/pariswelcom.com\/contactez-nous\/#primaryimage","url":"https:\/\/pariswelcom.com\/wp-content\/plugins\/formidable\/images\/ajax_loader.gif","contentUrl":"https:\/\/pariswelcom.com\/wp-content\/plugins\/formidable\/images\/ajax_loader.gif"},{"@type":"BreadcrumbList","@id":"https:\/\/pariswelcom.com\/contactez-nous\/#breadcrumb","itemListElement":[{"@type":"ListItem","position":1,"name":"Accueil","item":"https:\/\/pariswelcom.com\/"},{"@type":"ListItem","position":2,"name":"Kontakt"}]},{"@type":"WebSite","@id":"https:\/\/pariswelcom.com\/#website","url":"https:\/\/pariswelcom.com\/","name":"Paris Welcom","description":"Chic Apartments in Paris","publisher":{"@id":"https:\/\/pariswelcom.com\/#organization"},"potentialAction":[{"@type":"SearchAction","target":{"@type":"EntryPoint","urlTemplate":"https:\/\/pariswelcom.com\/?s={search_term_string}"},"query-input":{"@type":"PropertyValueSpecification","valueRequired":true,"valueName":"search_term_string"}}],"inLanguage":"de"},{"@type":"Organization","@id":"https:\/\/pariswelcom.com\/#organization","name":"Paris Welcom","url":"https:\/\/pariswelcom.com\/","logo":{"@type":"ImageObject","inLanguage":"de","@id":"https:\/\/pariswelcom.com\/#\/schema\/logo\/image\/","url":"https:\/\/pariswelcom.com\/wp-content\/uploads\/2020\/03\/cropped-pariswelcom-logo.png","contentUrl":"https:\/\/pariswelcom.com\/wp-content\/uploads\/2020\/03\/cropped-pariswelcom-logo.png","width":512,"height":512,"caption":"Paris Welcom"},"image":{"@id":"https:\/\/pariswelcom.com\/#\/schema\/logo\/image\/"},"sameAs":["https:\/\/www.facebook.com\/Paris-Welcom-Chic-Apartments-in-Paris-1701999280086959\/","https:\/\/www.instagram.com\/pariswelcom\/?hl=frM"]}]}},"_links":{"self":[{"href":"https:\/\/pariswelcom.com\/de\/wp-json\/wp\/v2\/pages\/3534","targetHints":{"allow":["GET"]}}],"collection":[{"href":"https:\/\/pariswelcom.com\/de\/wp-json\/wp\/v2\/pages"}],"about":[{"href":"https:\/\/pariswelcom.com\/de\/wp-json\/wp\/v2\/types\/page"}],"author":[{"embeddable":true,"href":"https:\/\/pariswelcom.com\/de\/wp-json\/wp\/v2\/users\/1"}],"replies":[{"embeddable":true,"href":"https:\/\/pariswelcom.com\/de\/wp-json\/wp\/v2\/comments?post=3534"}],"version-history":[{"count":13,"href":"https:\/\/pariswelcom.com\/de\/wp-json\/wp\/v2\/pages\/3534\/revisions"}],"predecessor-version":[{"id":3923,"href":"https:\/\/pariswelcom.com\/de\/wp-json\/wp\/v2\/pages\/3534\/revisions\/3923"}],"wp:attachment":[{"href":"https:\/\/pariswelcom.com\/de\/wp-json\/wp\/v2\/media?parent=3534"}],"curies":[{"name":"wp","href":"https:\/\/api.w.org\/{rel}","templated":true}]}}